{"id":97,"date":"2023-02-23T17:04:04","date_gmt":"2023-02-23T16:04:04","guid":{"rendered":"https:\/\/www.touringcaorle.it\/?page_id=97"},"modified":"2023-06-05T14:57:23","modified_gmt":"2023-06-05T12:57:23","slug":"dove-siamo","status":"publish","type":"page","link":"https:\/\/www.touringcaorle.it\/it\/dove-siamo\/","title":{"rendered":"Dove siamo"},"content":{"rendered":"\n<h3 class=\"wp-block-heading\">In auto:<\/h3>\n\n\n\n<p>L\u2019uscita autostradale pi\u00f9 vicina \u00e8 <\/p>\n\n\n\n<ul class=\"list-item wp-block-list\">\n<li>S. Stino di Livenza (autostrada A4 Venezia-Trieste)<\/li>\n<\/ul>\n\n\n\n<p>Seguire le indicazioni per Caorle.<\/p>\n\n\n\n<h3 class=\"wp-block-heading\">Coordinate GPS:<\/h3>\n\n\n\n<ul class=\"list-item wp-block-list\">\n<li>Latitudine: 45.578083 N<\/li>\n\n\n\n<li>Longitudine 12.827758 E<\/li>\n<\/ul>\n\n\n\n<h3 class=\"wp-block-heading\">In treno:<\/h3>\n\n\n\n<p>Stazioni ferroviarie pi\u00f9 vicine:<\/p>\n\n\n\n<ul class=\"list-item wp-block-list\">\n<li>Portogruaro\/Caorle (28 km dall\u2019hotel)<\/li>\n\n\n\n<li>San Don\u00e0 di Piave\/Jesolo (31 km dall\u2019hotel)<\/li>\n<\/ul>\n\n\n\n<p>Da ciascuna stazione sono disponibili servizi di taxi ed autobus di linea ATVO verso la nostra localit\u00e0.<\/p>\n\n\n\n<h3 class=\"wp-block-heading\">In aereo:<\/h3>\n\n\n\n<ul class=\"list-item wp-block-list\">\n<li>Aeroporto Venezia \u201cMarco Polo\u201d VCE (57 km dall\u2019hotel)<\/li>\n\n\n\n<li>Aeroporto Treviso \u201cAntonio Canova\u201d TSF (62 km dall\u2019hotel)<\/li>\n\n\n\n<li>Aeroporto Trieste \u201cRonchi dei Legionari\u201d TRS (96 km dall\u2019hotel)<\/li>\n<\/ul>\n\n\n\n<p>L\u2019hotel \u00e8 raggiungibile in taxi da tutti e 3 gli aeroporti (per assistenza contattare la reception).<br>Inoltre \u00e8 attivo l\u2019autobus di linea ATVO da e per l\u2019aeroporto di Venezia e di Treviso.<\/p>\n","protected":false},"excerpt":{"rendered":"<p>In auto: L\u2019uscita autostradale pi\u00f9 vicina \u00e8 Seguire le indicazioni per Caorle. Coordinate GPS: In treno: Stazioni ferroviarie pi\u00f9 vicine: Da ciascuna stazione sono disponibili servizi di taxi ed autobus di linea ATVO verso la nostra localit\u00e0. In aereo: L\u2019hotel \u00e8 raggiungibile in taxi da tutti e 3 gli aeroporti (per assistenza contattare la reception).Inoltre [&hellip;]<\/p>\n","protected":false},"author":1,"featured_media":0,"parent":0,"menu_order":8,"comment_status":"closed","ping_status":"closed","template":"template-contact.php","meta":{"_acf_changed":false,"footnotes":""},"class_list":["post-97","page","type-page","status-publish","hentry"],"acf":[],"yoast_head":"<!-- This site is optimized with the Yoast SEO plugin v26.7 - https:\/\/yoast.com\/wordpress\/plugins\/seo\/ -->\n<title>Dove siamo | Hotel Touring<\/title>\n<meta name=\"description\" content=\"Come raggiungere Hotel Touring in auto, in treno, in aereo e tutte le coordinate Gps per trovare facilmente il nostro hotel a Caorle!\" \/>\n<meta name=\"robots\" content=\"index, follow, max-snippet:-1, max-image-preview:large, max-video-preview:-1\" \/>\n<link rel=\"canonical\" href=\"https:\/\/www.touringcaorle.it\/it\/dove-siamo\/\" \/>\n<meta property=\"og:locale\" content=\"it_IT\" \/>\n<meta property=\"og:type\" content=\"article\" \/>\n<meta property=\"og:title\" content=\"Dove siamo | Hotel Touring\" \/>\n<meta property=\"og:description\" content=\"Come raggiungere Hotel Touring in auto, in treno, in aereo e tutte le coordinate Gps per trovare facilmente il nostro hotel a Caorle!\" \/>\n<meta property=\"og:url\" content=\"https:\/\/www.touringcaorle.it\/it\/dove-siamo\/\" \/>\n<meta property=\"og:site_name\" content=\"Hotel Touring\" \/>\n<meta property=\"article:publisher\" content=\"https:\/\/www.facebook.com\/HotelTouringCaorle\/\" \/>\n<meta property=\"article:modified_time\" content=\"2023-06-05T12:57:23+00:00\" \/>\n<meta name=\"twitter:card\" content=\"summary_large_image\" \/>\n<script type=\"application\/ld+json\" class=\"yoast-schema-graph\">{\"@context\":\"https:\/\/schema.org\",\"@graph\":[{\"@type\":\"WebPage\",\"@id\":\"https:\/\/www.touringcaorle.it\/it\/dove-siamo\/\",\"url\":\"https:\/\/www.touringcaorle.it\/it\/dove-siamo\/\",\"name\":\"Dove siamo | Hotel Touring\",\"isPartOf\":{\"@id\":\"https:\/\/www.touringcaorle.it\/it\/#website\"},\"datePublished\":\"2023-02-23T16:04:04+00:00\",\"dateModified\":\"2023-06-05T12:57:23+00:00\",\"description\":\"Come raggiungere Hotel Touring in auto, in treno, in aereo e tutte le coordinate Gps per trovare facilmente il nostro hotel a Caorle!\",\"breadcrumb\":{\"@id\":\"https:\/\/www.touringcaorle.it\/it\/dove-siamo\/#breadcrumb\"},\"inLanguage\":\"it-IT\",\"potentialAction\":[{\"@type\":\"ReadAction\",\"target\":[\"https:\/\/www.touringcaorle.it\/it\/dove-siamo\/\"]}]},{\"@type\":\"BreadcrumbList\",\"@id\":\"https:\/\/www.touringcaorle.it\/it\/dove-siamo\/#breadcrumb\",\"itemListElement\":[{\"@type\":\"ListItem\",\"position\":1,\"name\":\"Home\",\"item\":\"https:\/\/www.touringcaorle.it\/it\/\"},{\"@type\":\"ListItem\",\"position\":2,\"name\":\"Dove siamo\"}]},{\"@type\":\"WebSite\",\"@id\":\"https:\/\/www.touringcaorle.it\/it\/#website\",\"url\":\"https:\/\/www.touringcaorle.it\/it\/\",\"name\":\"Camping Marelago\",\"description\":\"Hotel fronte mare con piscina a Caorle\",\"publisher\":{\"@id\":\"https:\/\/www.touringcaorle.it\/it\/#organization\"},\"potentialAction\":[{\"@type\":\"SearchAction\",\"target\":{\"@type\":\"EntryPoint\",\"urlTemplate\":\"https:\/\/www.touringcaorle.it\/it\/?s={search_term_string}\"},\"query-input\":{\"@type\":\"PropertyValueSpecification\",\"valueRequired\":true,\"valueName\":\"search_term_string\"}}],\"inLanguage\":\"it-IT\"},{\"@type\":\"Organization\",\"@id\":\"https:\/\/www.touringcaorle.it\/it\/#organization\",\"name\":\"Camping Marelago\",\"url\":\"https:\/\/www.touringcaorle.it\/it\/\",\"logo\":{\"@type\":\"ImageObject\",\"inLanguage\":\"it-IT\",\"@id\":\"https:\/\/www.touringcaorle.it\/it\/#\/schema\/logo\/image\/\",\"url\":\"https:\/\/www.touringcaorle.it\/wp-content\/uploads\/2023\/03\/hotel-touring-caorle.svg\",\"contentUrl\":\"https:\/\/www.touringcaorle.it\/wp-content\/uploads\/2023\/03\/hotel-touring-caorle.svg\",\"width\":1,\"height\":1,\"caption\":\"Camping Marelago\"},\"image\":{\"@id\":\"https:\/\/www.touringcaorle.it\/it\/#\/schema\/logo\/image\/\"},\"sameAs\":[\"https:\/\/www.facebook.com\/HotelTouringCaorle\/\"]}]}<\/script>\n<!-- \/ Yoast SEO plugin. -->","yoast_head_json":{"title":"Dove siamo | Hotel Touring","description":"Come raggiungere Hotel Touring in auto, in treno, in aereo e tutte le coordinate Gps per trovare facilmente il nostro hotel a Caorle!","robots":{"index":"index","follow":"follow","max-snippet":"max-snippet:-1","max-image-preview":"max-image-preview:large","max-video-preview":"max-video-preview:-1"},"canonical":"https:\/\/www.touringcaorle.it\/it\/dove-siamo\/","og_locale":"it_IT","og_type":"article","og_title":"Dove siamo | Hotel Touring","og_description":"Come raggiungere Hotel Touring in auto, in treno, in aereo e tutte le coordinate Gps per trovare facilmente il nostro hotel a Caorle!","og_url":"https:\/\/www.touringcaorle.it\/it\/dove-siamo\/","og_site_name":"Hotel Touring","article_publisher":"https:\/\/www.facebook.com\/HotelTouringCaorle\/","article_modified_time":"2023-06-05T12:57:23+00:00","twitter_card":"summary_large_image","schema":{"@context":"https:\/\/schema.org","@graph":[{"@type":"WebPage","@id":"https:\/\/www.touringcaorle.it\/it\/dove-siamo\/","url":"https:\/\/www.touringcaorle.it\/it\/dove-siamo\/","name":"Dove siamo | Hotel Touring","isPartOf":{"@id":"https:\/\/www.touringcaorle.it\/it\/#website"},"datePublished":"2023-02-23T16:04:04+00:00","dateModified":"2023-06-05T12:57:23+00:00","description":"Come raggiungere Hotel Touring in auto, in treno, in aereo e tutte le coordinate Gps per trovare facilmente il nostro hotel a Caorle!","breadcrumb":{"@id":"https:\/\/www.touringcaorle.it\/it\/dove-siamo\/#breadcrumb"},"inLanguage":"it-IT","potentialAction":[{"@type":"ReadAction","target":["https:\/\/www.touringcaorle.it\/it\/dove-siamo\/"]}]},{"@type":"BreadcrumbList","@id":"https:\/\/www.touringcaorle.it\/it\/dove-siamo\/#breadcrumb","itemListElement":[{"@type":"ListItem","position":1,"name":"Home","item":"https:\/\/www.touringcaorle.it\/it\/"},{"@type":"ListItem","position":2,"name":"Dove siamo"}]},{"@type":"WebSite","@id":"https:\/\/www.touringcaorle.it\/it\/#website","url":"https:\/\/www.touringcaorle.it\/it\/","name":"Camping Marelago","description":"Hotel fronte mare con piscina a Caorle","publisher":{"@id":"https:\/\/www.touringcaorle.it\/it\/#organization"},"potentialAction":[{"@type":"SearchAction","target":{"@type":"EntryPoint","urlTemplate":"https:\/\/www.touringcaorle.it\/it\/?s={search_term_string}"},"query-input":{"@type":"PropertyValueSpecification","valueRequired":true,"valueName":"search_term_string"}}],"inLanguage":"it-IT"},{"@type":"Organization","@id":"https:\/\/www.touringcaorle.it\/it\/#organization","name":"Camping Marelago","url":"https:\/\/www.touringcaorle.it\/it\/","logo":{"@type":"ImageObject","inLanguage":"it-IT","@id":"https:\/\/www.touringcaorle.it\/it\/#\/schema\/logo\/image\/","url":"https:\/\/www.touringcaorle.it\/wp-content\/uploads\/2023\/03\/hotel-touring-caorle.svg","contentUrl":"https:\/\/www.touringcaorle.it\/wp-content\/uploads\/2023\/03\/hotel-touring-caorle.svg","width":1,"height":1,"caption":"Camping Marelago"},"image":{"@id":"https:\/\/www.touringcaorle.it\/it\/#\/schema\/logo\/image\/"},"sameAs":["https:\/\/www.facebook.com\/HotelTouringCaorle\/"]}]}},"_links":{"self":[{"href":"https:\/\/www.touringcaorle.it\/it\/wp-json\/wp\/v2\/pages\/97","targetHints":{"allow":["GET"]}}],"collection":[{"href":"https:\/\/www.touringcaorle.it\/it\/wp-json\/wp\/v2\/pages"}],"about":[{"href":"https:\/\/www.touringcaorle.it\/it\/wp-json\/wp\/v2\/types\/page"}],"author":[{"embeddable":true,"href":"https:\/\/www.touringcaorle.it\/it\/wp-json\/wp\/v2\/users\/1"}],"replies":[{"embeddable":true,"href":"https:\/\/www.touringcaorle.it\/it\/wp-json\/wp\/v2\/comments?post=97"}],"version-history":[{"count":27,"href":"https:\/\/www.touringcaorle.it\/it\/wp-json\/wp\/v2\/pages\/97\/revisions"}],"predecessor-version":[{"id":2211,"href":"https:\/\/www.touringcaorle.it\/it\/wp-json\/wp\/v2\/pages\/97\/revisions\/2211"}],"wp:attachment":[{"href":"https:\/\/www.touringcaorle.it\/it\/wp-json\/wp\/v2\/media?parent=97"}],"curies":[{"name":"wp","href":"https:\/\/api.w.org\/{rel}","templated":true}]}}