{"id":89,"date":"2023-02-23T17:01:59","date_gmt":"2023-02-23T16:01:59","guid":{"rendered":"https:\/\/www.touringcaorle.it\/?page_id=89"},"modified":"2026-01-07T16:33:34","modified_gmt":"2026-01-07T15:33:34","slug":"sala-colazioni","status":"publish","type":"page","link":"https:\/\/www.touringcaorle.it\/it\/sala-colazioni\/","title":{"rendered":"Sala Colazioni"},"content":{"rendered":"\n<p>Al piano terra \u00e8 disponibile una luminosa e ampia sala colazioni, per rendere il tuo risveglio in vacanza ancora pi\u00f9 dolce. Il servizio a buffet propone tutti i giorni dalle 7:30 alle 10:30 una ricca variet\u00e0 di dolci, brioche, marmellate, yogurt. Sempre presente frutta fresca e succhi di frutta dissetanti. Per chi ama il salato, salumi e formaggi da accompagnare ad una scelta di pane e prodotti da forno. Immancabili le bevande calde con caff\u00e8, latte, t\u00e8 e tisane.<\/p>\n","protected":false},"excerpt":{"rendered":"<p>Al piano terra \u00e8 disponibile una luminosa e ampia sala colazioni, per rendere il tuo risveglio in vacanza ancora pi\u00f9 dolce. Il servizio a buffet propone tutti i giorni dalle 7:30 alle 10:30 una ricca variet\u00e0 di dolci, brioche, marmellate, yogurt. Sempre presente frutta fresca e succhi di frutta dissetanti. Per chi ama il salato, [&hellip;]<\/p>\n","protected":false},"author":1,"featured_media":0,"parent":0,"menu_order":32,"comment_status":"closed","ping_status":"closed","template":"","meta":{"_acf_changed":false,"footnotes":""},"class_list":["post-89","page","type-page","status-publish","hentry"],"acf":[],"yoast_head":"<!-- This site is optimized with the Yoast SEO plugin v26.7 - https:\/\/yoast.com\/wordpress\/plugins\/seo\/ -->\n<title>Sala Colazioni | Hotel Touring<\/title>\n<meta name=\"robots\" content=\"index, follow, max-snippet:-1, max-image-preview:large, max-video-preview:-1\" \/>\n<link rel=\"canonical\" href=\"https:\/\/www.touringcaorle.it\/it\/sala-colazioni\/\" \/>\n<meta property=\"og:locale\" content=\"it_IT\" \/>\n<meta property=\"og:type\" content=\"article\" \/>\n<meta property=\"og:title\" content=\"Sala Colazioni | Hotel Touring\" \/>\n<meta property=\"og:description\" content=\"Al piano terra \u00e8 disponibile una luminosa e ampia sala colazioni, per rendere il tuo risveglio in vacanza ancora pi\u00f9 dolce. Il servizio a buffet propone tutti i giorni dalle 7:30 alle 10:30 una ricca variet\u00e0 di dolci, brioche, marmellate, yogurt. Sempre presente frutta fresca e succhi di frutta dissetanti. Per chi ama il salato, [&hellip;]\" \/>\n<meta property=\"og:url\" content=\"https:\/\/www.touringcaorle.it\/it\/sala-colazioni\/\" \/>\n<meta property=\"og:site_name\" content=\"Hotel Touring\" \/>\n<meta property=\"article:publisher\" content=\"https:\/\/www.facebook.com\/HotelTouringCaorle\/\" \/>\n<meta property=\"article:modified_time\" content=\"2026-01-07T15:33:34+00:00\" \/>\n<meta name=\"twitter:card\" content=\"summary_large_image\" \/>\n<script type=\"application\/ld+json\" class=\"yoast-schema-graph\">{\"@context\":\"https:\/\/schema.org\",\"@graph\":[{\"@type\":\"WebPage\",\"@id\":\"https:\/\/www.touringcaorle.it\/it\/sala-colazioni\/\",\"url\":\"https:\/\/www.touringcaorle.it\/it\/sala-colazioni\/\",\"name\":\"Sala Colazioni | Hotel Touring\",\"isPartOf\":{\"@id\":\"https:\/\/www.touringcaorle.it\/it\/#website\"},\"datePublished\":\"2023-02-23T16:01:59+00:00\",\"dateModified\":\"2026-01-07T15:33:34+00:00\",\"breadcrumb\":{\"@id\":\"https:\/\/www.touringcaorle.it\/it\/sala-colazioni\/#breadcrumb\"},\"inLanguage\":\"it-IT\",\"potentialAction\":[{\"@type\":\"ReadAction\",\"target\":[\"https:\/\/www.touringcaorle.it\/it\/sala-colazioni\/\"]}]},{\"@type\":\"BreadcrumbList\",\"@id\":\"https:\/\/www.touringcaorle.it\/it\/sala-colazioni\/#breadcrumb\",\"itemListElement\":[{\"@type\":\"ListItem\",\"position\":1,\"name\":\"Home\",\"item\":\"https:\/\/www.touringcaorle.it\/it\/\"},{\"@type\":\"ListItem\",\"position\":2,\"name\":\"Sala Colazioni\"}]},{\"@type\":\"WebSite\",\"@id\":\"https:\/\/www.touringcaorle.it\/it\/#website\",\"url\":\"https:\/\/www.touringcaorle.it\/it\/\",\"name\":\"Camping Marelago\",\"description\":\"Hotel fronte mare con piscina a Caorle\",\"publisher\":{\"@id\":\"https:\/\/www.touringcaorle.it\/it\/#organization\"},\"potentialAction\":[{\"@type\":\"SearchAction\",\"target\":{\"@type\":\"EntryPoint\",\"urlTemplate\":\"https:\/\/www.touringcaorle.it\/it\/?s={search_term_string}\"},\"query-input\":{\"@type\":\"PropertyValueSpecification\",\"valueRequired\":true,\"valueName\":\"search_term_string\"}}],\"inLanguage\":\"it-IT\"},{\"@type\":\"Organization\",\"@id\":\"https:\/\/www.touringcaorle.it\/it\/#organization\",\"name\":\"Camping Marelago\",\"url\":\"https:\/\/www.touringcaorle.it\/it\/\",\"logo\":{\"@type\":\"ImageObject\",\"inLanguage\":\"it-IT\",\"@id\":\"https:\/\/www.touringcaorle.it\/it\/#\/schema\/logo\/image\/\",\"url\":\"https:\/\/www.touringcaorle.it\/wp-content\/uploads\/2023\/03\/hotel-touring-caorle.svg\",\"contentUrl\":\"https:\/\/www.touringcaorle.it\/wp-content\/uploads\/2023\/03\/hotel-touring-caorle.svg\",\"width\":1,\"height\":1,\"caption\":\"Camping Marelago\"},\"image\":{\"@id\":\"https:\/\/www.touringcaorle.it\/it\/#\/schema\/logo\/image\/\"},\"sameAs\":[\"https:\/\/www.facebook.com\/HotelTouringCaorle\/\"]}]}<\/script>\n<!-- \/ Yoast SEO plugin. -->","yoast_head_json":{"title":"Sala Colazioni | Hotel Touring","robots":{"index":"index","follow":"follow","max-snippet":"max-snippet:-1","max-image-preview":"max-image-preview:large","max-video-preview":"max-video-preview:-1"},"canonical":"https:\/\/www.touringcaorle.it\/it\/sala-colazioni\/","og_locale":"it_IT","og_type":"article","og_title":"Sala Colazioni | Hotel Touring","og_description":"Al piano terra \u00e8 disponibile una luminosa e ampia sala colazioni, per rendere il tuo risveglio in vacanza ancora pi\u00f9 dolce. Il servizio a buffet propone tutti i giorni dalle 7:30 alle 10:30 una ricca variet\u00e0 di dolci, brioche, marmellate, yogurt. Sempre presente frutta fresca e succhi di frutta dissetanti. Per chi ama il salato, [&hellip;]","og_url":"https:\/\/www.touringcaorle.it\/it\/sala-colazioni\/","og_site_name":"Hotel Touring","article_publisher":"https:\/\/www.facebook.com\/HotelTouringCaorle\/","article_modified_time":"2026-01-07T15:33:34+00:00","twitter_card":"summary_large_image","schema":{"@context":"https:\/\/schema.org","@graph":[{"@type":"WebPage","@id":"https:\/\/www.touringcaorle.it\/it\/sala-colazioni\/","url":"https:\/\/www.touringcaorle.it\/it\/sala-colazioni\/","name":"Sala Colazioni | Hotel Touring","isPartOf":{"@id":"https:\/\/www.touringcaorle.it\/it\/#website"},"datePublished":"2023-02-23T16:01:59+00:00","dateModified":"2026-01-07T15:33:34+00:00","breadcrumb":{"@id":"https:\/\/www.touringcaorle.it\/it\/sala-colazioni\/#breadcrumb"},"inLanguage":"it-IT","potentialAction":[{"@type":"ReadAction","target":["https:\/\/www.touringcaorle.it\/it\/sala-colazioni\/"]}]},{"@type":"BreadcrumbList","@id":"https:\/\/www.touringcaorle.it\/it\/sala-colazioni\/#breadcrumb","itemListElement":[{"@type":"ListItem","position":1,"name":"Home","item":"https:\/\/www.touringcaorle.it\/it\/"},{"@type":"ListItem","position":2,"name":"Sala Colazioni"}]},{"@type":"WebSite","@id":"https:\/\/www.touringcaorle.it\/it\/#website","url":"https:\/\/www.touringcaorle.it\/it\/","name":"Camping Marelago","description":"Hotel fronte mare con piscina a Caorle","publisher":{"@id":"https:\/\/www.touringcaorle.it\/it\/#organization"},"potentialAction":[{"@type":"SearchAction","target":{"@type":"EntryPoint","urlTemplate":"https:\/\/www.touringcaorle.it\/it\/?s={search_term_string}"},"query-input":{"@type":"PropertyValueSpecification","valueRequired":true,"valueName":"search_term_string"}}],"inLanguage":"it-IT"},{"@type":"Organization","@id":"https:\/\/www.touringcaorle.it\/it\/#organization","name":"Camping Marelago","url":"https:\/\/www.touringcaorle.it\/it\/","logo":{"@type":"ImageObject","inLanguage":"it-IT","@id":"https:\/\/www.touringcaorle.it\/it\/#\/schema\/logo\/image\/","url":"https:\/\/www.touringcaorle.it\/wp-content\/uploads\/2023\/03\/hotel-touring-caorle.svg","contentUrl":"https:\/\/www.touringcaorle.it\/wp-content\/uploads\/2023\/03\/hotel-touring-caorle.svg","width":1,"height":1,"caption":"Camping Marelago"},"image":{"@id":"https:\/\/www.touringcaorle.it\/it\/#\/schema\/logo\/image\/"},"sameAs":["https:\/\/www.facebook.com\/HotelTouringCaorle\/"]}]}},"_links":{"self":[{"href":"https:\/\/www.touringcaorle.it\/it\/wp-json\/wp\/v2\/pages\/89","targetHints":{"allow":["GET"]}}],"collection":[{"href":"https:\/\/www.touringcaorle.it\/it\/wp-json\/wp\/v2\/pages"}],"about":[{"href":"https:\/\/www.touringcaorle.it\/it\/wp-json\/wp\/v2\/types\/page"}],"author":[{"embeddable":true,"href":"https:\/\/www.touringcaorle.it\/it\/wp-json\/wp\/v2\/users\/1"}],"replies":[{"embeddable":true,"href":"https:\/\/www.touringcaorle.it\/it\/wp-json\/wp\/v2\/comments?post=89"}],"version-history":[{"count":4,"href":"https:\/\/www.touringcaorle.it\/it\/wp-json\/wp\/v2\/pages\/89\/revisions"}],"predecessor-version":[{"id":1758,"href":"https:\/\/www.touringcaorle.it\/it\/wp-json\/wp\/v2\/pages\/89\/revisions\/1758"}],"wp:attachment":[{"href":"https:\/\/www.touringcaorle.it\/it\/wp-json\/wp\/v2\/media?parent=89"}],"curies":[{"name":"wp","href":"https:\/\/api.w.org\/{rel}","templated":true}]}}