{"id":27,"date":"2023-02-17T10:47:44","date_gmt":"2023-02-17T09:47:44","guid":{"rendered":"https:\/\/www.touringcaorle.it\/pagina-di-esempio\/"},"modified":"2025-01-14T18:37:02","modified_gmt":"2025-01-14T17:37:02","slug":"pagina-di-esempio","status":"publish","type":"page","link":"https:\/\/www.touringcaorle.it\/de\/","title":{"rendered":"Hotel Touring,  Dem hotel mit pool am meer von caorle"},"content":{"rendered":"\n<p><strong>Das hotel touring ist ein gastfreundliches und komfortables 3-sterne-hotel in caorle. In einer ruhigen und bevorzugten lage blickt das hotel touring direkt auf das meer, w\u00e4hrend der zutritt direkt von der westlichen seite des herrlichen ponente strandes aus erfolgt<\/strong>.<\/p>\n\n\n\n<p>Im Hotel Touring werden Sie einzigartige Gastfreundlichkeit und ein herzliches und gem\u00fctliches Ambiente vorfinden, das Ihnen nur ein familiengef\u00fchrtes Hotel bieten kann.<\/p>\n\n\n\n<p>Von all unseren ger\u00e4umigen, gut eingerichteten und mit modernstem Komfort ausgestatteten Zimmern kann das intensive Blau des Meeres bewundert werden. Sie k\u00f6nnen von vielen Serviceleistungen Gebrauch machen: Dusche, Haartrockner, Telefon, TV mit Satellitenempfang, Safe, WLAN und Klimaanlage.<\/p>\n\n\n\n<p>Tauchen Sie ein in das gro\u00dfe Pool unseres Hotels und entspannen Sie sich in den Liegen des Solariums, in denen Sie sich br\u00e4unen lassen und Ihren Urlaub in Caorle genie\u00dfen k\u00f6nnen.<\/p>\n\n\n\n<p>Um Ihrem Urlaub noch mehr Geschmack zu verleihen, k\u00f6nnen Sie auf der herrlichen Terrasse mit Blick aufs Meer durstl\u00f6schende Getr\u00e4nke, Cocktails oder Eispezialit\u00e4ten zu sich nehmen.<\/p>\n","protected":false},"excerpt":{"rendered":"<p>Das hotel touring ist ein gastfreundliches und komfortables 3-sterne-hotel in caorle. In einer ruhigen und bevorzugten lage blickt das hotel touring direkt auf das meer, w\u00e4hrend der zutritt direkt von der westlichen seite des herrlichen ponente strandes aus erfolgt. Im Hotel Touring werden Sie einzigartige Gastfreundlichkeit und ein herzliches und gem\u00fctliches Ambiente vorfinden, das Ihnen [&hellip;]<\/p>\n","protected":false},"author":1,"featured_media":2591,"parent":0,"menu_order":17,"comment_status":"closed","ping_status":"open","template":"","meta":{"_acf_changed":false,"footnotes":""},"class_list":["post-27","page","type-page","status-publish","has-post-thumbnail","hentry"],"acf":[],"yoast_head":"<!-- This site is optimized with the Yoast SEO plugin v26.7 - https:\/\/yoast.com\/wordpress\/plugins\/seo\/ -->\n<title>Hotel Touring, Dem hotel mit pool am meer von caorle | Hotel Touring<\/title>\n<meta name=\"robots\" content=\"index, follow, max-snippet:-1, max-image-preview:large, max-video-preview:-1\" \/>\n<link rel=\"canonical\" href=\"https:\/\/www.touringcaorle.it\/de\/\" \/>\n<meta property=\"og:locale\" content=\"de_DE\" \/>\n<meta property=\"og:type\" content=\"article\" \/>\n<meta property=\"og:title\" content=\"Hotel Touring, Dem hotel mit pool am meer von caorle | Hotel Touring\" \/>\n<meta property=\"og:description\" content=\"Das hotel touring ist ein gastfreundliches und komfortables 3-sterne-hotel in caorle. In einer ruhigen und bevorzugten lage blickt das hotel touring direkt auf das meer, w\u00e4hrend der zutritt direkt von der westlichen seite des herrlichen ponente strandes aus erfolgt. Im Hotel Touring werden Sie einzigartige Gastfreundlichkeit und ein herzliches und gem\u00fctliches Ambiente vorfinden, das Ihnen [&hellip;]\" \/>\n<meta property=\"og:url\" content=\"https:\/\/www.touringcaorle.it\/de\/\" \/>\n<meta property=\"og:site_name\" content=\"Hotel Touring\" \/>\n<meta property=\"article:publisher\" content=\"https:\/\/www.facebook.com\/HotelTouringCaorle\/\" \/>\n<meta property=\"article:modified_time\" content=\"2025-01-14T17:37:02+00:00\" \/>\n<meta property=\"og:image\" content=\"https:\/\/www.touringcaorle.it\/wp-content\/uploads\/2024\/11\/Hotel-Touring-a-Caorle-Fronte-Mare-copia.webp\" \/>\n\t<meta property=\"og:image:width\" content=\"1920\" \/>\n\t<meta property=\"og:image:height\" content=\"1080\" \/>\n\t<meta property=\"og:image:type\" content=\"image\/webp\" \/>\n<meta name=\"twitter:card\" content=\"summary_large_image\" \/>\n<script type=\"application\/ld+json\" class=\"yoast-schema-graph\">{\"@context\":\"https:\/\/schema.org\",\"@graph\":[{\"@type\":\"WebPage\",\"@id\":\"https:\/\/www.touringcaorle.it\/de\/\",\"url\":\"https:\/\/www.touringcaorle.it\/de\/\",\"name\":\"Hotel Touring, Dem hotel mit pool am meer von caorle | Hotel Touring\",\"isPartOf\":{\"@id\":\"https:\/\/www.touringcaorle.it\/de\/#website\"},\"primaryImageOfPage\":{\"@id\":\"https:\/\/www.touringcaorle.it\/de\/#primaryimage\"},\"image\":{\"@id\":\"https:\/\/www.touringcaorle.it\/de\/#primaryimage\"},\"thumbnailUrl\":\"https:\/\/www.touringcaorle.it\/wp-content\/uploads\/2024\/11\/Hotel-Touring-a-Caorle-Fronte-Mare-copia.webp\",\"datePublished\":\"2023-02-17T09:47:44+00:00\",\"dateModified\":\"2025-01-14T17:37:02+00:00\",\"breadcrumb\":{\"@id\":\"https:\/\/www.touringcaorle.it\/de\/#breadcrumb\"},\"inLanguage\":\"de\",\"potentialAction\":[{\"@type\":\"ReadAction\",\"target\":[\"https:\/\/www.touringcaorle.it\/de\/\"]}]},{\"@type\":\"ImageObject\",\"inLanguage\":\"de\",\"@id\":\"https:\/\/www.touringcaorle.it\/de\/#primaryimage\",\"url\":\"https:\/\/www.touringcaorle.it\/wp-content\/uploads\/2024\/11\/Hotel-Touring-a-Caorle-Fronte-Mare-copia.webp\",\"contentUrl\":\"https:\/\/www.touringcaorle.it\/wp-content\/uploads\/2024\/11\/Hotel-Touring-a-Caorle-Fronte-Mare-copia.webp\",\"width\":1920,\"height\":1080},{\"@type\":\"BreadcrumbList\",\"@id\":\"https:\/\/www.touringcaorle.it\/de\/#breadcrumb\",\"itemListElement\":[{\"@type\":\"ListItem\",\"position\":1,\"name\":\"Home\",\"item\":\"https:\/\/www.touringcaorle.it\/de\/\"},{\"@type\":\"ListItem\",\"position\":2,\"name\":\"Hotel Touring, Dem hotel mit pool am meer von caorle\"}]},{\"@type\":\"WebSite\",\"@id\":\"https:\/\/www.touringcaorle.it\/de\/#website\",\"url\":\"https:\/\/www.touringcaorle.it\/de\/\",\"name\":\"Camping Marelago\",\"description\":\"Hotel fronte mare con piscina a Caorle\",\"publisher\":{\"@id\":\"https:\/\/www.touringcaorle.it\/de\/#organization\"},\"potentialAction\":[{\"@type\":\"SearchAction\",\"target\":{\"@type\":\"EntryPoint\",\"urlTemplate\":\"https:\/\/www.touringcaorle.it\/de\/?s={search_term_string}\"},\"query-input\":{\"@type\":\"PropertyValueSpecification\",\"valueRequired\":true,\"valueName\":\"search_term_string\"}}],\"inLanguage\":\"de\"},{\"@type\":\"Organization\",\"@id\":\"https:\/\/www.touringcaorle.it\/de\/#organization\",\"name\":\"Camping Marelago\",\"url\":\"https:\/\/www.touringcaorle.it\/de\/\",\"logo\":{\"@type\":\"ImageObject\",\"inLanguage\":\"de\",\"@id\":\"https:\/\/www.touringcaorle.it\/de\/#\/schema\/logo\/image\/\",\"url\":\"https:\/\/www.touringcaorle.it\/wp-content\/uploads\/2023\/03\/hotel-touring-caorle.svg\",\"contentUrl\":\"https:\/\/www.touringcaorle.it\/wp-content\/uploads\/2023\/03\/hotel-touring-caorle.svg\",\"width\":1,\"height\":1,\"caption\":\"Camping Marelago\"},\"image\":{\"@id\":\"https:\/\/www.touringcaorle.it\/de\/#\/schema\/logo\/image\/\"},\"sameAs\":[\"https:\/\/www.facebook.com\/HotelTouringCaorle\/\"]}]}<\/script>\n<!-- \/ Yoast SEO plugin. -->","yoast_head_json":{"title":"Hotel Touring, Dem hotel mit pool am meer von caorle | Hotel Touring","robots":{"index":"index","follow":"follow","max-snippet":"max-snippet:-1","max-image-preview":"max-image-preview:large","max-video-preview":"max-video-preview:-1"},"canonical":"https:\/\/www.touringcaorle.it\/de\/","og_locale":"de_DE","og_type":"article","og_title":"Hotel Touring, Dem hotel mit pool am meer von caorle | Hotel Touring","og_description":"Das hotel touring ist ein gastfreundliches und komfortables 3-sterne-hotel in caorle. In einer ruhigen und bevorzugten lage blickt das hotel touring direkt auf das meer, w\u00e4hrend der zutritt direkt von der westlichen seite des herrlichen ponente strandes aus erfolgt. Im Hotel Touring werden Sie einzigartige Gastfreundlichkeit und ein herzliches und gem\u00fctliches Ambiente vorfinden, das Ihnen [&hellip;]","og_url":"https:\/\/www.touringcaorle.it\/de\/","og_site_name":"Hotel Touring","article_publisher":"https:\/\/www.facebook.com\/HotelTouringCaorle\/","article_modified_time":"2025-01-14T17:37:02+00:00","og_image":[{"width":1920,"height":1080,"url":"https:\/\/www.touringcaorle.it\/wp-content\/uploads\/2024\/11\/Hotel-Touring-a-Caorle-Fronte-Mare-copia.webp","type":"image\/webp"}],"twitter_card":"summary_large_image","schema":{"@context":"https:\/\/schema.org","@graph":[{"@type":"WebPage","@id":"https:\/\/www.touringcaorle.it\/de\/","url":"https:\/\/www.touringcaorle.it\/de\/","name":"Hotel Touring, Dem hotel mit pool am meer von caorle | Hotel Touring","isPartOf":{"@id":"https:\/\/www.touringcaorle.it\/de\/#website"},"primaryImageOfPage":{"@id":"https:\/\/www.touringcaorle.it\/de\/#primaryimage"},"image":{"@id":"https:\/\/www.touringcaorle.it\/de\/#primaryimage"},"thumbnailUrl":"https:\/\/www.touringcaorle.it\/wp-content\/uploads\/2024\/11\/Hotel-Touring-a-Caorle-Fronte-Mare-copia.webp","datePublished":"2023-02-17T09:47:44+00:00","dateModified":"2025-01-14T17:37:02+00:00","breadcrumb":{"@id":"https:\/\/www.touringcaorle.it\/de\/#breadcrumb"},"inLanguage":"de","potentialAction":[{"@type":"ReadAction","target":["https:\/\/www.touringcaorle.it\/de\/"]}]},{"@type":"ImageObject","inLanguage":"de","@id":"https:\/\/www.touringcaorle.it\/de\/#primaryimage","url":"https:\/\/www.touringcaorle.it\/wp-content\/uploads\/2024\/11\/Hotel-Touring-a-Caorle-Fronte-Mare-copia.webp","contentUrl":"https:\/\/www.touringcaorle.it\/wp-content\/uploads\/2024\/11\/Hotel-Touring-a-Caorle-Fronte-Mare-copia.webp","width":1920,"height":1080},{"@type":"BreadcrumbList","@id":"https:\/\/www.touringcaorle.it\/de\/#breadcrumb","itemListElement":[{"@type":"ListItem","position":1,"name":"Home","item":"https:\/\/www.touringcaorle.it\/de\/"},{"@type":"ListItem","position":2,"name":"Hotel Touring, Dem hotel mit pool am meer von caorle"}]},{"@type":"WebSite","@id":"https:\/\/www.touringcaorle.it\/de\/#website","url":"https:\/\/www.touringcaorle.it\/de\/","name":"Camping Marelago","description":"Hotel fronte mare con piscina a Caorle","publisher":{"@id":"https:\/\/www.touringcaorle.it\/de\/#organization"},"potentialAction":[{"@type":"SearchAction","target":{"@type":"EntryPoint","urlTemplate":"https:\/\/www.touringcaorle.it\/de\/?s={search_term_string}"},"query-input":{"@type":"PropertyValueSpecification","valueRequired":true,"valueName":"search_term_string"}}],"inLanguage":"de"},{"@type":"Organization","@id":"https:\/\/www.touringcaorle.it\/de\/#organization","name":"Camping Marelago","url":"https:\/\/www.touringcaorle.it\/de\/","logo":{"@type":"ImageObject","inLanguage":"de","@id":"https:\/\/www.touringcaorle.it\/de\/#\/schema\/logo\/image\/","url":"https:\/\/www.touringcaorle.it\/wp-content\/uploads\/2023\/03\/hotel-touring-caorle.svg","contentUrl":"https:\/\/www.touringcaorle.it\/wp-content\/uploads\/2023\/03\/hotel-touring-caorle.svg","width":1,"height":1,"caption":"Camping Marelago"},"image":{"@id":"https:\/\/www.touringcaorle.it\/de\/#\/schema\/logo\/image\/"},"sameAs":["https:\/\/www.facebook.com\/HotelTouringCaorle\/"]}]}},"_links":{"self":[{"href":"https:\/\/www.touringcaorle.it\/de\/wp-json\/wp\/v2\/pages\/27","targetHints":{"allow":["GET"]}}],"collection":[{"href":"https:\/\/www.touringcaorle.it\/de\/wp-json\/wp\/v2\/pages"}],"about":[{"href":"https:\/\/www.touringcaorle.it\/de\/wp-json\/wp\/v2\/types\/page"}],"author":[{"embeddable":true,"href":"https:\/\/www.touringcaorle.it\/de\/wp-json\/wp\/v2\/users\/1"}],"replies":[{"embeddable":true,"href":"https:\/\/www.touringcaorle.it\/de\/wp-json\/wp\/v2\/comments?post=27"}],"version-history":[{"count":15,"href":"https:\/\/www.touringcaorle.it\/de\/wp-json\/wp\/v2\/pages\/27\/revisions"}],"predecessor-version":[{"id":2630,"href":"https:\/\/www.touringcaorle.it\/de\/wp-json\/wp\/v2\/pages\/27\/revisions\/2630"}],"wp:featuredmedia":[{"embeddable":true,"href":"https:\/\/www.touringcaorle.it\/de\/wp-json\/wp\/v2\/media\/2591"}],"wp:attachment":[{"href":"https:\/\/www.touringcaorle.it\/de\/wp-json\/wp\/v2\/media?parent=27"}],"curies":[{"name":"wp","href":"https:\/\/api.w.org\/{rel}","templated":true}]}}