{"id":1858,"date":"2023-02-23T16:55:39","date_gmt":"2023-02-23T15:55:39","guid":{"rendered":"https:\/\/www.touringcaorle.it\/camping-con-animazione\/"},"modified":"2026-01-07T16:48:36","modified_gmt":"2026-01-07T15:48:36","slug":"fahrradverleih-hotel","status":"publish","type":"page","link":"https:\/\/www.touringcaorle.it\/de\/fahrradverleih-hotel\/","title":{"rendered":"Fahrr\u00e4der"},"content":{"rendered":"\n<p>Wer jeden Winkel von Caorle, seine Stra\u00dfen und die sch\u00f6nen Landschaften der Umgebung entdecken m\u00f6chte, kann direkt im Hotel bequeme Cityr\u00e4der mieten und w\u00e4hrend des Aufenthalts nutzen.<\/p>\n\n\n\n<p>Sie k\u00f6nnen zwischen verschiedenen Routen w\u00e4hlen: auf Feld- und Radwegen, auf Deichen und landeinw\u00e4rts. <\/p>\n\n\n\n<p><\/p>\n","protected":false},"excerpt":{"rendered":"<p>Wer jeden Winkel von Caorle, seine Stra\u00dfen und die sch\u00f6nen Landschaften der Umgebung entdecken m\u00f6chte, kann direkt im Hotel bequeme Cityr\u00e4der mieten und w\u00e4hrend des Aufenthalts nutzen. Sie k\u00f6nnen zwischen verschiedenen Routen w\u00e4hlen: auf Feld- und Radwegen, auf Deichen und landeinw\u00e4rts.<\/p>\n","protected":false},"author":1,"featured_media":0,"parent":0,"menu_order":18,"comment_status":"closed","ping_status":"closed","template":"","meta":{"_acf_changed":false,"footnotes":""},"class_list":["post-1858","page","type-page","status-publish","hentry"],"acf":[],"yoast_head":"<!-- This site is optimized with the Yoast SEO plugin v26.7 - https:\/\/yoast.com\/wordpress\/plugins\/seo\/ -->\n<title>Fahrr\u00e4der | Hotel Touring<\/title>\n<meta name=\"robots\" content=\"index, follow, max-snippet:-1, max-image-preview:large, max-video-preview:-1\" \/>\n<link rel=\"canonical\" href=\"https:\/\/www.touringcaorle.it\/de\/fahrradverleih-hotel\/\" \/>\n<meta property=\"og:locale\" content=\"de_DE\" \/>\n<meta property=\"og:type\" content=\"article\" \/>\n<meta property=\"og:title\" content=\"Fahrr\u00e4der | Hotel Touring\" \/>\n<meta property=\"og:description\" content=\"Wer jeden Winkel von Caorle, seine Stra\u00dfen und die sch\u00f6nen Landschaften der Umgebung entdecken m\u00f6chte, kann direkt im Hotel bequeme Cityr\u00e4der mieten und w\u00e4hrend des Aufenthalts nutzen. Sie k\u00f6nnen zwischen verschiedenen Routen w\u00e4hlen: auf Feld- und Radwegen, auf Deichen und landeinw\u00e4rts.\" \/>\n<meta property=\"og:url\" content=\"https:\/\/www.touringcaorle.it\/de\/fahrradverleih-hotel\/\" \/>\n<meta property=\"og:site_name\" content=\"Hotel Touring\" \/>\n<meta property=\"article:publisher\" content=\"https:\/\/www.facebook.com\/HotelTouringCaorle\/\" \/>\n<meta property=\"article:modified_time\" content=\"2026-01-07T15:48:36+00:00\" \/>\n<meta name=\"twitter:card\" content=\"summary_large_image\" \/>\n<script type=\"application\/ld+json\" class=\"yoast-schema-graph\">{\"@context\":\"https:\/\/schema.org\",\"@graph\":[{\"@type\":\"WebPage\",\"@id\":\"https:\/\/www.touringcaorle.it\/de\/fahrradverleih-hotel\/\",\"url\":\"https:\/\/www.touringcaorle.it\/de\/fahrradverleih-hotel\/\",\"name\":\"Fahrr\u00e4der | Hotel Touring\",\"isPartOf\":{\"@id\":\"https:\/\/www.touringcaorle.it\/de\/#website\"},\"datePublished\":\"2023-02-23T15:55:39+00:00\",\"dateModified\":\"2026-01-07T15:48:36+00:00\",\"breadcrumb\":{\"@id\":\"https:\/\/www.touringcaorle.it\/de\/fahrradverleih-hotel\/#breadcrumb\"},\"inLanguage\":\"de\",\"potentialAction\":[{\"@type\":\"ReadAction\",\"target\":[\"https:\/\/www.touringcaorle.it\/de\/fahrradverleih-hotel\/\"]}]},{\"@type\":\"BreadcrumbList\",\"@id\":\"https:\/\/www.touringcaorle.it\/de\/fahrradverleih-hotel\/#breadcrumb\",\"itemListElement\":[{\"@type\":\"ListItem\",\"position\":1,\"name\":\"Home\",\"item\":\"https:\/\/www.touringcaorle.it\/de\/\"},{\"@type\":\"ListItem\",\"position\":2,\"name\":\"Fahrr\u00e4der\"}]},{\"@type\":\"WebSite\",\"@id\":\"https:\/\/www.touringcaorle.it\/de\/#website\",\"url\":\"https:\/\/www.touringcaorle.it\/de\/\",\"name\":\"Camping Marelago\",\"description\":\"Hotel fronte mare con piscina a Caorle\",\"publisher\":{\"@id\":\"https:\/\/www.touringcaorle.it\/de\/#organization\"},\"potentialAction\":[{\"@type\":\"SearchAction\",\"target\":{\"@type\":\"EntryPoint\",\"urlTemplate\":\"https:\/\/www.touringcaorle.it\/de\/?s={search_term_string}\"},\"query-input\":{\"@type\":\"PropertyValueSpecification\",\"valueRequired\":true,\"valueName\":\"search_term_string\"}}],\"inLanguage\":\"de\"},{\"@type\":\"Organization\",\"@id\":\"https:\/\/www.touringcaorle.it\/de\/#organization\",\"name\":\"Camping Marelago\",\"url\":\"https:\/\/www.touringcaorle.it\/de\/\",\"logo\":{\"@type\":\"ImageObject\",\"inLanguage\":\"de\",\"@id\":\"https:\/\/www.touringcaorle.it\/de\/#\/schema\/logo\/image\/\",\"url\":\"https:\/\/www.touringcaorle.it\/wp-content\/uploads\/2023\/03\/hotel-touring-caorle.svg\",\"contentUrl\":\"https:\/\/www.touringcaorle.it\/wp-content\/uploads\/2023\/03\/hotel-touring-caorle.svg\",\"width\":1,\"height\":1,\"caption\":\"Camping Marelago\"},\"image\":{\"@id\":\"https:\/\/www.touringcaorle.it\/de\/#\/schema\/logo\/image\/\"},\"sameAs\":[\"https:\/\/www.facebook.com\/HotelTouringCaorle\/\"]}]}<\/script>\n<!-- \/ Yoast SEO plugin. -->","yoast_head_json":{"title":"Fahrr\u00e4der | Hotel Touring","robots":{"index":"index","follow":"follow","max-snippet":"max-snippet:-1","max-image-preview":"max-image-preview:large","max-video-preview":"max-video-preview:-1"},"canonical":"https:\/\/www.touringcaorle.it\/de\/fahrradverleih-hotel\/","og_locale":"de_DE","og_type":"article","og_title":"Fahrr\u00e4der | Hotel Touring","og_description":"Wer jeden Winkel von Caorle, seine Stra\u00dfen und die sch\u00f6nen Landschaften der Umgebung entdecken m\u00f6chte, kann direkt im Hotel bequeme Cityr\u00e4der mieten und w\u00e4hrend des Aufenthalts nutzen. Sie k\u00f6nnen zwischen verschiedenen Routen w\u00e4hlen: auf Feld- und Radwegen, auf Deichen und landeinw\u00e4rts.","og_url":"https:\/\/www.touringcaorle.it\/de\/fahrradverleih-hotel\/","og_site_name":"Hotel Touring","article_publisher":"https:\/\/www.facebook.com\/HotelTouringCaorle\/","article_modified_time":"2026-01-07T15:48:36+00:00","twitter_card":"summary_large_image","schema":{"@context":"https:\/\/schema.org","@graph":[{"@type":"WebPage","@id":"https:\/\/www.touringcaorle.it\/de\/fahrradverleih-hotel\/","url":"https:\/\/www.touringcaorle.it\/de\/fahrradverleih-hotel\/","name":"Fahrr\u00e4der | Hotel Touring","isPartOf":{"@id":"https:\/\/www.touringcaorle.it\/de\/#website"},"datePublished":"2023-02-23T15:55:39+00:00","dateModified":"2026-01-07T15:48:36+00:00","breadcrumb":{"@id":"https:\/\/www.touringcaorle.it\/de\/fahrradverleih-hotel\/#breadcrumb"},"inLanguage":"de","potentialAction":[{"@type":"ReadAction","target":["https:\/\/www.touringcaorle.it\/de\/fahrradverleih-hotel\/"]}]},{"@type":"BreadcrumbList","@id":"https:\/\/www.touringcaorle.it\/de\/fahrradverleih-hotel\/#breadcrumb","itemListElement":[{"@type":"ListItem","position":1,"name":"Home","item":"https:\/\/www.touringcaorle.it\/de\/"},{"@type":"ListItem","position":2,"name":"Fahrr\u00e4der"}]},{"@type":"WebSite","@id":"https:\/\/www.touringcaorle.it\/de\/#website","url":"https:\/\/www.touringcaorle.it\/de\/","name":"Camping Marelago","description":"Hotel fronte mare con piscina a Caorle","publisher":{"@id":"https:\/\/www.touringcaorle.it\/de\/#organization"},"potentialAction":[{"@type":"SearchAction","target":{"@type":"EntryPoint","urlTemplate":"https:\/\/www.touringcaorle.it\/de\/?s={search_term_string}"},"query-input":{"@type":"PropertyValueSpecification","valueRequired":true,"valueName":"search_term_string"}}],"inLanguage":"de"},{"@type":"Organization","@id":"https:\/\/www.touringcaorle.it\/de\/#organization","name":"Camping Marelago","url":"https:\/\/www.touringcaorle.it\/de\/","logo":{"@type":"ImageObject","inLanguage":"de","@id":"https:\/\/www.touringcaorle.it\/de\/#\/schema\/logo\/image\/","url":"https:\/\/www.touringcaorle.it\/wp-content\/uploads\/2023\/03\/hotel-touring-caorle.svg","contentUrl":"https:\/\/www.touringcaorle.it\/wp-content\/uploads\/2023\/03\/hotel-touring-caorle.svg","width":1,"height":1,"caption":"Camping Marelago"},"image":{"@id":"https:\/\/www.touringcaorle.it\/de\/#\/schema\/logo\/image\/"},"sameAs":["https:\/\/www.facebook.com\/HotelTouringCaorle\/"]}]}},"_links":{"self":[{"href":"https:\/\/www.touringcaorle.it\/de\/wp-json\/wp\/v2\/pages\/1858","targetHints":{"allow":["GET"]}}],"collection":[{"href":"https:\/\/www.touringcaorle.it\/de\/wp-json\/wp\/v2\/pages"}],"about":[{"href":"https:\/\/www.touringcaorle.it\/de\/wp-json\/wp\/v2\/types\/page"}],"author":[{"embeddable":true,"href":"https:\/\/www.touringcaorle.it\/de\/wp-json\/wp\/v2\/users\/1"}],"replies":[{"embeddable":true,"href":"https:\/\/www.touringcaorle.it\/de\/wp-json\/wp\/v2\/comments?post=1858"}],"version-history":[{"count":3,"href":"https:\/\/www.touringcaorle.it\/de\/wp-json\/wp\/v2\/pages\/1858\/revisions"}],"predecessor-version":[{"id":2081,"href":"https:\/\/www.touringcaorle.it\/de\/wp-json\/wp\/v2\/pages\/1858\/revisions\/2081"}],"wp:attachment":[{"href":"https:\/\/www.touringcaorle.it\/de\/wp-json\/wp\/v2\/media?parent=1858"}],"curies":[{"name":"wp","href":"https:\/\/api.w.org\/{rel}","templated":true}]}}