{"id":1815,"date":"2023-02-23T16:56:39","date_gmt":"2023-02-23T15:56:39","guid":{"rendered":"https:\/\/www.touringcaorle.it\/camping-sulla-spiaggia\/"},"modified":"2026-02-25T15:44:03","modified_gmt":"2026-02-25T14:44:03","slug":"hotel-touring-caorle-am-strand","status":"publish","type":"page","link":"https:\/\/www.touringcaorle.it\/de\/hotel-touring-caorle-am-strand\/","title":{"rendered":"Strand"},"content":{"rendered":"\n<p>Der breite Strand mit seinem feinen, goldenen Sand ist 15 Kilometer lang und teilweise mit Anlagen ausgestattet. Das saubere, klare Wasser und der sanft abfallende Meeresboden machen Caorle zu einem der sch\u00f6nsten und beliebtesten Urlaubsorte dieser Region.<\/p>\n\n\n\n<p>Das Hotel Touring bietet dank seiner Lage am Meer einen direkten Zugang zum Strand mit nahe gelegenen Beachvolley-Spielfeldern und einem Kinderspielplatz. Die Strandanlage f\u00fcr die G\u00e4ste befindet sich direkt vor dem Pool des Hotels. Pro Zimmer werden kostenlos ein Sonnenschirm und zwei Liegen zur Verf\u00fcgung gestellt.<\/p>\n\n\n\n<p>Nur ein paar Meter weiter stehen Sie schon mit den F\u00fc\u00dfen im Sand, sp\u00fcren die Seeluft auf der Haut und h\u00f6ren das Rauschen der Wellen, die ans Ufer schlagen.<\/p>\n","protected":false},"excerpt":{"rendered":"<p>Der breite Strand mit seinem feinen, goldenen Sand ist 15 Kilometer lang und teilweise mit Anlagen ausgestattet. Das saubere, klare Wasser und der sanft abfallende Meeresboden machen Caorle zu einem der sch\u00f6nsten und beliebtesten Urlaubsorte dieser Region. Das Hotel Touring bietet dank seiner Lage am Meer einen direkten Zugang zum Strand mit nahe gelegenen Beachvolley-Spielfeldern [&hellip;]<\/p>\n","protected":false},"author":1,"featured_media":0,"parent":0,"menu_order":19,"comment_status":"closed","ping_status":"closed","template":"","meta":{"_acf_changed":false,"footnotes":""},"class_list":["post-1815","page","type-page","status-publish","hentry"],"acf":[],"yoast_head":"<!-- This site is optimized with the Yoast SEO plugin v26.7 - https:\/\/yoast.com\/wordpress\/plugins\/seo\/ -->\n<title>Strand | Hotel Touring<\/title>\n<meta name=\"description\" content=\"29\" \/>\n<meta name=\"robots\" content=\"index, follow, max-snippet:-1, max-image-preview:large, max-video-preview:-1\" \/>\n<link rel=\"canonical\" href=\"https:\/\/www.touringcaorle.it\/de\/hotel-touring-caorle-am-strand\/\" \/>\n<meta property=\"og:locale\" content=\"de_DE\" \/>\n<meta property=\"og:type\" content=\"article\" \/>\n<meta property=\"og:title\" content=\"Strand | Hotel Touring\" \/>\n<meta property=\"og:description\" content=\"29\" \/>\n<meta property=\"og:url\" content=\"https:\/\/www.touringcaorle.it\/de\/hotel-touring-caorle-am-strand\/\" \/>\n<meta property=\"og:site_name\" content=\"Hotel Touring\" \/>\n<meta property=\"article:publisher\" content=\"https:\/\/www.facebook.com\/HotelTouringCaorle\/\" \/>\n<meta property=\"article:modified_time\" content=\"2026-02-25T14:44:03+00:00\" \/>\n<meta name=\"twitter:card\" content=\"summary_large_image\" \/>\n<script type=\"application\/ld+json\" class=\"yoast-schema-graph\">{\"@context\":\"https:\/\/schema.org\",\"@graph\":[{\"@type\":\"WebPage\",\"@id\":\"https:\/\/www.touringcaorle.it\/de\/hotel-touring-caorle-am-strand\/\",\"url\":\"https:\/\/www.touringcaorle.it\/de\/hotel-touring-caorle-am-strand\/\",\"name\":\"Strand | Hotel Touring\",\"isPartOf\":{\"@id\":\"https:\/\/www.touringcaorle.it\/de\/#website\"},\"datePublished\":\"2023-02-23T15:56:39+00:00\",\"dateModified\":\"2026-02-25T14:44:03+00:00\",\"description\":\"29\",\"breadcrumb\":{\"@id\":\"https:\/\/www.touringcaorle.it\/de\/hotel-touring-caorle-am-strand\/#breadcrumb\"},\"inLanguage\":\"de\",\"potentialAction\":[{\"@type\":\"ReadAction\",\"target\":[\"https:\/\/www.touringcaorle.it\/de\/hotel-touring-caorle-am-strand\/\"]}]},{\"@type\":\"BreadcrumbList\",\"@id\":\"https:\/\/www.touringcaorle.it\/de\/hotel-touring-caorle-am-strand\/#breadcrumb\",\"itemListElement\":[{\"@type\":\"ListItem\",\"position\":1,\"name\":\"Home\",\"item\":\"https:\/\/www.touringcaorle.it\/de\/\"},{\"@type\":\"ListItem\",\"position\":2,\"name\":\"Strand\"}]},{\"@type\":\"WebSite\",\"@id\":\"https:\/\/www.touringcaorle.it\/de\/#website\",\"url\":\"https:\/\/www.touringcaorle.it\/de\/\",\"name\":\"Camping Marelago\",\"description\":\"Hotel fronte mare con piscina a Caorle\",\"publisher\":{\"@id\":\"https:\/\/www.touringcaorle.it\/de\/#organization\"},\"potentialAction\":[{\"@type\":\"SearchAction\",\"target\":{\"@type\":\"EntryPoint\",\"urlTemplate\":\"https:\/\/www.touringcaorle.it\/de\/?s={search_term_string}\"},\"query-input\":{\"@type\":\"PropertyValueSpecification\",\"valueRequired\":true,\"valueName\":\"search_term_string\"}}],\"inLanguage\":\"de\"},{\"@type\":\"Organization\",\"@id\":\"https:\/\/www.touringcaorle.it\/de\/#organization\",\"name\":\"Camping Marelago\",\"url\":\"https:\/\/www.touringcaorle.it\/de\/\",\"logo\":{\"@type\":\"ImageObject\",\"inLanguage\":\"de\",\"@id\":\"https:\/\/www.touringcaorle.it\/de\/#\/schema\/logo\/image\/\",\"url\":\"https:\/\/www.touringcaorle.it\/wp-content\/uploads\/2023\/03\/hotel-touring-caorle.svg\",\"contentUrl\":\"https:\/\/www.touringcaorle.it\/wp-content\/uploads\/2023\/03\/hotel-touring-caorle.svg\",\"width\":1,\"height\":1,\"caption\":\"Camping Marelago\"},\"image\":{\"@id\":\"https:\/\/www.touringcaorle.it\/de\/#\/schema\/logo\/image\/\"},\"sameAs\":[\"https:\/\/www.facebook.com\/HotelTouringCaorle\/\"]}]}<\/script>\n<!-- \/ Yoast SEO plugin. -->","yoast_head_json":{"title":"Strand | Hotel Touring","description":"29","robots":{"index":"index","follow":"follow","max-snippet":"max-snippet:-1","max-image-preview":"max-image-preview:large","max-video-preview":"max-video-preview:-1"},"canonical":"https:\/\/www.touringcaorle.it\/de\/hotel-touring-caorle-am-strand\/","og_locale":"de_DE","og_type":"article","og_title":"Strand | Hotel Touring","og_description":"29","og_url":"https:\/\/www.touringcaorle.it\/de\/hotel-touring-caorle-am-strand\/","og_site_name":"Hotel Touring","article_publisher":"https:\/\/www.facebook.com\/HotelTouringCaorle\/","article_modified_time":"2026-02-25T14:44:03+00:00","twitter_card":"summary_large_image","schema":{"@context":"https:\/\/schema.org","@graph":[{"@type":"WebPage","@id":"https:\/\/www.touringcaorle.it\/de\/hotel-touring-caorle-am-strand\/","url":"https:\/\/www.touringcaorle.it\/de\/hotel-touring-caorle-am-strand\/","name":"Strand | Hotel Touring","isPartOf":{"@id":"https:\/\/www.touringcaorle.it\/de\/#website"},"datePublished":"2023-02-23T15:56:39+00:00","dateModified":"2026-02-25T14:44:03+00:00","description":"29","breadcrumb":{"@id":"https:\/\/www.touringcaorle.it\/de\/hotel-touring-caorle-am-strand\/#breadcrumb"},"inLanguage":"de","potentialAction":[{"@type":"ReadAction","target":["https:\/\/www.touringcaorle.it\/de\/hotel-touring-caorle-am-strand\/"]}]},{"@type":"BreadcrumbList","@id":"https:\/\/www.touringcaorle.it\/de\/hotel-touring-caorle-am-strand\/#breadcrumb","itemListElement":[{"@type":"ListItem","position":1,"name":"Home","item":"https:\/\/www.touringcaorle.it\/de\/"},{"@type":"ListItem","position":2,"name":"Strand"}]},{"@type":"WebSite","@id":"https:\/\/www.touringcaorle.it\/de\/#website","url":"https:\/\/www.touringcaorle.it\/de\/","name":"Camping Marelago","description":"Hotel fronte mare con piscina a Caorle","publisher":{"@id":"https:\/\/www.touringcaorle.it\/de\/#organization"},"potentialAction":[{"@type":"SearchAction","target":{"@type":"EntryPoint","urlTemplate":"https:\/\/www.touringcaorle.it\/de\/?s={search_term_string}"},"query-input":{"@type":"PropertyValueSpecification","valueRequired":true,"valueName":"search_term_string"}}],"inLanguage":"de"},{"@type":"Organization","@id":"https:\/\/www.touringcaorle.it\/de\/#organization","name":"Camping Marelago","url":"https:\/\/www.touringcaorle.it\/de\/","logo":{"@type":"ImageObject","inLanguage":"de","@id":"https:\/\/www.touringcaorle.it\/de\/#\/schema\/logo\/image\/","url":"https:\/\/www.touringcaorle.it\/wp-content\/uploads\/2023\/03\/hotel-touring-caorle.svg","contentUrl":"https:\/\/www.touringcaorle.it\/wp-content\/uploads\/2023\/03\/hotel-touring-caorle.svg","width":1,"height":1,"caption":"Camping Marelago"},"image":{"@id":"https:\/\/www.touringcaorle.it\/de\/#\/schema\/logo\/image\/"},"sameAs":["https:\/\/www.facebook.com\/HotelTouringCaorle\/"]}]}},"_links":{"self":[{"href":"https:\/\/www.touringcaorle.it\/de\/wp-json\/wp\/v2\/pages\/1815","targetHints":{"allow":["GET"]}}],"collection":[{"href":"https:\/\/www.touringcaorle.it\/de\/wp-json\/wp\/v2\/pages"}],"about":[{"href":"https:\/\/www.touringcaorle.it\/de\/wp-json\/wp\/v2\/types\/page"}],"author":[{"embeddable":true,"href":"https:\/\/www.touringcaorle.it\/de\/wp-json\/wp\/v2\/users\/1"}],"replies":[{"embeddable":true,"href":"https:\/\/www.touringcaorle.it\/de\/wp-json\/wp\/v2\/comments?post=1815"}],"version-history":[{"count":10,"href":"https:\/\/www.touringcaorle.it\/de\/wp-json\/wp\/v2\/pages\/1815\/revisions"}],"predecessor-version":[{"id":2719,"href":"https:\/\/www.touringcaorle.it\/de\/wp-json\/wp\/v2\/pages\/1815\/revisions\/2719"}],"wp:attachment":[{"href":"https:\/\/www.touringcaorle.it\/de\/wp-json\/wp\/v2\/media?parent=1815"}],"curies":[{"name":"wp","href":"https:\/\/api.w.org\/{rel}","templated":true}]}}