{"id":1787,"date":"2023-02-23T17:01:42","date_gmt":"2023-02-23T16:01:42","guid":{"rendered":"https:\/\/www.touringcaorle.it\/minimarket\/"},"modified":"2023-04-26T14:52:18","modified_gmt":"2023-04-26T12:52:18","slug":"restaurant","status":"publish","type":"page","link":"https:\/\/www.touringcaorle.it\/de\/restaurant\/","title":{"rendered":"Restaurant Panfilo"},"content":{"rendered":"\n<p>Das wundersch\u00f6n gelegene Lokal Panfilo ist f\u00fcr Hotelg\u00e4ste leicht zu erreichen, da es nur 30 Meter vom Hotel Touring entfernt ist.<\/p>\n\n\n\n<p><strong>Den G\u00e4sten mit Halbpension wird das Abendessen t\u00e4glich von 19 bis 20 Uhr im Speisesaal am Selbstbedienungs-Buffet angeboten. Die Speisekarte enth\u00e4lt eine Auswahl an Vorspeisen, ersten und zweiten G\u00e4ngen sowie Desserts (Getr\u00e4nke sind nicht inbegriffen).<\/strong>&nbsp;<strong> &nbsp;<\/strong><\/p>\n\n\n\n<p>Das Restaurant Panfilo befindet sich in herrlicher Lage direkt am Meer mit Ausblick auf den Weststrand Ponente.<\/p>\n\n\n\n<p>Zu Mittag ist es das ideale Lokal f\u00fcr einen Pizza-Imbiss, einen frischen Salat, ein Nudel- oder Reisgericht, das man in aller Ruhe genie\u00dfen kann, bevor man wieder an den Strand zur\u00fcckkehrt.<\/p>\n\n\n\n<p><strong>Alle Hotelg\u00e4ste, die keine Halbpension gebucht haben, erhalten 10 % Rabatt auf dieses Men\u00fc (Getr\u00e4nke sind nicht inbegriffen). Ein entsprechender Coupon kann an der Rezeption abgeholt werden.<\/strong><\/p>\n","protected":false},"excerpt":{"rendered":"<p>Das wundersch\u00f6n gelegene Lokal Panfilo ist f\u00fcr Hotelg\u00e4ste leicht zu erreichen, da es nur 30 Meter vom Hotel Touring entfernt ist. Den G\u00e4sten mit Halbpension wird das Abendessen t\u00e4glich von 19 bis 20 Uhr im Speisesaal am Selbstbedienungs-Buffet angeboten. Die Speisekarte enth\u00e4lt eine Auswahl an Vorspeisen, ersten und zweiten G\u00e4ngen sowie Desserts (Getr\u00e4nke sind nicht [&hellip;]<\/p>\n","protected":false},"author":1,"featured_media":0,"parent":0,"menu_order":31,"comment_status":"closed","ping_status":"closed","template":"","meta":{"_acf_changed":false,"footnotes":""},"class_list":["post-1787","page","type-page","status-publish","hentry"],"acf":[],"yoast_head":"<!-- This site is optimized with the Yoast SEO plugin v26.7 - https:\/\/yoast.com\/wordpress\/plugins\/seo\/ -->\n<title>Restaurant Panfilo | Hotel Touring<\/title>\n<meta name=\"robots\" content=\"index, follow, max-snippet:-1, max-image-preview:large, max-video-preview:-1\" \/>\n<link rel=\"canonical\" href=\"https:\/\/www.touringcaorle.it\/de\/restaurant\/\" \/>\n<meta property=\"og:locale\" content=\"de_DE\" \/>\n<meta property=\"og:type\" content=\"article\" \/>\n<meta property=\"og:title\" content=\"Restaurant Panfilo | Hotel Touring\" \/>\n<meta property=\"og:description\" content=\"Das wundersch\u00f6n gelegene Lokal Panfilo ist f\u00fcr Hotelg\u00e4ste leicht zu erreichen, da es nur 30 Meter vom Hotel Touring entfernt ist. Den G\u00e4sten mit Halbpension wird das Abendessen t\u00e4glich von 19 bis 20 Uhr im Speisesaal am Selbstbedienungs-Buffet angeboten. Die Speisekarte enth\u00e4lt eine Auswahl an Vorspeisen, ersten und zweiten G\u00e4ngen sowie Desserts (Getr\u00e4nke sind nicht [&hellip;]\" \/>\n<meta property=\"og:url\" content=\"https:\/\/www.touringcaorle.it\/de\/restaurant\/\" \/>\n<meta property=\"og:site_name\" content=\"Hotel Touring\" \/>\n<meta property=\"article:publisher\" content=\"https:\/\/www.facebook.com\/HotelTouringCaorle\/\" \/>\n<meta property=\"article:modified_time\" content=\"2023-04-26T12:52:18+00:00\" \/>\n<meta name=\"twitter:card\" content=\"summary_large_image\" \/>\n<script type=\"application\/ld+json\" class=\"yoast-schema-graph\">{\"@context\":\"https:\/\/schema.org\",\"@graph\":[{\"@type\":\"WebPage\",\"@id\":\"https:\/\/www.touringcaorle.it\/de\/restaurant\/\",\"url\":\"https:\/\/www.touringcaorle.it\/de\/restaurant\/\",\"name\":\"Restaurant Panfilo | Hotel Touring\",\"isPartOf\":{\"@id\":\"https:\/\/www.touringcaorle.it\/de\/#website\"},\"datePublished\":\"2023-02-23T16:01:42+00:00\",\"dateModified\":\"2023-04-26T12:52:18+00:00\",\"breadcrumb\":{\"@id\":\"https:\/\/www.touringcaorle.it\/de\/restaurant\/#breadcrumb\"},\"inLanguage\":\"de\",\"potentialAction\":[{\"@type\":\"ReadAction\",\"target\":[\"https:\/\/www.touringcaorle.it\/de\/restaurant\/\"]}]},{\"@type\":\"BreadcrumbList\",\"@id\":\"https:\/\/www.touringcaorle.it\/de\/restaurant\/#breadcrumb\",\"itemListElement\":[{\"@type\":\"ListItem\",\"position\":1,\"name\":\"Home\",\"item\":\"https:\/\/www.touringcaorle.it\/de\/\"},{\"@type\":\"ListItem\",\"position\":2,\"name\":\"Restaurant Panfilo\"}]},{\"@type\":\"WebSite\",\"@id\":\"https:\/\/www.touringcaorle.it\/de\/#website\",\"url\":\"https:\/\/www.touringcaorle.it\/de\/\",\"name\":\"Camping Marelago\",\"description\":\"Hotel fronte mare con piscina a Caorle\",\"publisher\":{\"@id\":\"https:\/\/www.touringcaorle.it\/de\/#organization\"},\"potentialAction\":[{\"@type\":\"SearchAction\",\"target\":{\"@type\":\"EntryPoint\",\"urlTemplate\":\"https:\/\/www.touringcaorle.it\/de\/?s={search_term_string}\"},\"query-input\":{\"@type\":\"PropertyValueSpecification\",\"valueRequired\":true,\"valueName\":\"search_term_string\"}}],\"inLanguage\":\"de\"},{\"@type\":\"Organization\",\"@id\":\"https:\/\/www.touringcaorle.it\/de\/#organization\",\"name\":\"Camping Marelago\",\"url\":\"https:\/\/www.touringcaorle.it\/de\/\",\"logo\":{\"@type\":\"ImageObject\",\"inLanguage\":\"de\",\"@id\":\"https:\/\/www.touringcaorle.it\/de\/#\/schema\/logo\/image\/\",\"url\":\"https:\/\/www.touringcaorle.it\/wp-content\/uploads\/2023\/03\/hotel-touring-caorle.svg\",\"contentUrl\":\"https:\/\/www.touringcaorle.it\/wp-content\/uploads\/2023\/03\/hotel-touring-caorle.svg\",\"width\":1,\"height\":1,\"caption\":\"Camping Marelago\"},\"image\":{\"@id\":\"https:\/\/www.touringcaorle.it\/de\/#\/schema\/logo\/image\/\"},\"sameAs\":[\"https:\/\/www.facebook.com\/HotelTouringCaorle\/\"]}]}<\/script>\n<!-- \/ Yoast SEO plugin. -->","yoast_head_json":{"title":"Restaurant Panfilo | Hotel Touring","robots":{"index":"index","follow":"follow","max-snippet":"max-snippet:-1","max-image-preview":"max-image-preview:large","max-video-preview":"max-video-preview:-1"},"canonical":"https:\/\/www.touringcaorle.it\/de\/restaurant\/","og_locale":"de_DE","og_type":"article","og_title":"Restaurant Panfilo | Hotel Touring","og_description":"Das wundersch\u00f6n gelegene Lokal Panfilo ist f\u00fcr Hotelg\u00e4ste leicht zu erreichen, da es nur 30 Meter vom Hotel Touring entfernt ist. Den G\u00e4sten mit Halbpension wird das Abendessen t\u00e4glich von 19 bis 20 Uhr im Speisesaal am Selbstbedienungs-Buffet angeboten. Die Speisekarte enth\u00e4lt eine Auswahl an Vorspeisen, ersten und zweiten G\u00e4ngen sowie Desserts (Getr\u00e4nke sind nicht [&hellip;]","og_url":"https:\/\/www.touringcaorle.it\/de\/restaurant\/","og_site_name":"Hotel Touring","article_publisher":"https:\/\/www.facebook.com\/HotelTouringCaorle\/","article_modified_time":"2023-04-26T12:52:18+00:00","twitter_card":"summary_large_image","schema":{"@context":"https:\/\/schema.org","@graph":[{"@type":"WebPage","@id":"https:\/\/www.touringcaorle.it\/de\/restaurant\/","url":"https:\/\/www.touringcaorle.it\/de\/restaurant\/","name":"Restaurant Panfilo | Hotel Touring","isPartOf":{"@id":"https:\/\/www.touringcaorle.it\/de\/#website"},"datePublished":"2023-02-23T16:01:42+00:00","dateModified":"2023-04-26T12:52:18+00:00","breadcrumb":{"@id":"https:\/\/www.touringcaorle.it\/de\/restaurant\/#breadcrumb"},"inLanguage":"de","potentialAction":[{"@type":"ReadAction","target":["https:\/\/www.touringcaorle.it\/de\/restaurant\/"]}]},{"@type":"BreadcrumbList","@id":"https:\/\/www.touringcaorle.it\/de\/restaurant\/#breadcrumb","itemListElement":[{"@type":"ListItem","position":1,"name":"Home","item":"https:\/\/www.touringcaorle.it\/de\/"},{"@type":"ListItem","position":2,"name":"Restaurant Panfilo"}]},{"@type":"WebSite","@id":"https:\/\/www.touringcaorle.it\/de\/#website","url":"https:\/\/www.touringcaorle.it\/de\/","name":"Camping Marelago","description":"Hotel fronte mare con piscina a Caorle","publisher":{"@id":"https:\/\/www.touringcaorle.it\/de\/#organization"},"potentialAction":[{"@type":"SearchAction","target":{"@type":"EntryPoint","urlTemplate":"https:\/\/www.touringcaorle.it\/de\/?s={search_term_string}"},"query-input":{"@type":"PropertyValueSpecification","valueRequired":true,"valueName":"search_term_string"}}],"inLanguage":"de"},{"@type":"Organization","@id":"https:\/\/www.touringcaorle.it\/de\/#organization","name":"Camping Marelago","url":"https:\/\/www.touringcaorle.it\/de\/","logo":{"@type":"ImageObject","inLanguage":"de","@id":"https:\/\/www.touringcaorle.it\/de\/#\/schema\/logo\/image\/","url":"https:\/\/www.touringcaorle.it\/wp-content\/uploads\/2023\/03\/hotel-touring-caorle.svg","contentUrl":"https:\/\/www.touringcaorle.it\/wp-content\/uploads\/2023\/03\/hotel-touring-caorle.svg","width":1,"height":1,"caption":"Camping Marelago"},"image":{"@id":"https:\/\/www.touringcaorle.it\/de\/#\/schema\/logo\/image\/"},"sameAs":["https:\/\/www.facebook.com\/HotelTouringCaorle\/"]}]}},"_links":{"self":[{"href":"https:\/\/www.touringcaorle.it\/de\/wp-json\/wp\/v2\/pages\/1787","targetHints":{"allow":["GET"]}}],"collection":[{"href":"https:\/\/www.touringcaorle.it\/de\/wp-json\/wp\/v2\/pages"}],"about":[{"href":"https:\/\/www.touringcaorle.it\/de\/wp-json\/wp\/v2\/types\/page"}],"author":[{"embeddable":true,"href":"https:\/\/www.touringcaorle.it\/de\/wp-json\/wp\/v2\/users\/1"}],"replies":[{"embeddable":true,"href":"https:\/\/www.touringcaorle.it\/de\/wp-json\/wp\/v2\/comments?post=1787"}],"version-history":[{"count":4,"href":"https:\/\/www.touringcaorle.it\/de\/wp-json\/wp\/v2\/pages\/1787\/revisions"}],"predecessor-version":[{"id":2068,"href":"https:\/\/www.touringcaorle.it\/de\/wp-json\/wp\/v2\/pages\/1787\/revisions\/2068"}],"wp:attachment":[{"href":"https:\/\/www.touringcaorle.it\/de\/wp-json\/wp\/v2\/media?parent=1787"}],"curies":[{"name":"wp","href":"https:\/\/api.w.org\/{rel}","templated":true}]}}