{"id":1762,"date":"2023-02-23T17:01:59","date_gmt":"2023-02-23T16:01:59","guid":{"rendered":"https:\/\/www.touringcaorle.it\/chiesa\/"},"modified":"2026-01-07T16:35:28","modified_gmt":"2026-01-07T15:35:28","slug":"fruhstucksraum","status":"publish","type":"page","link":"https:\/\/www.touringcaorle.it\/de\/fruhstucksraum\/","title":{"rendered":"Fr\u00fchst\u00fccksraum"},"content":{"rendered":"\n<p>Im Erdgeschoss befindet sich ein heller, ger\u00e4umiger Fr\u00fchst\u00fccksraum, der Ihnen jeden Morgen den Urlaub vers\u00fc\u00dft. Am Buffet wird t\u00e4glich von 7 bis 10.30 Uhr eine reichhaltige Auswahl an Geb\u00e4ck, Croissants, Marmeladen und Joghurt angeboten. Dazu gibt es immer frisches Obst und durstl\u00f6schende S\u00e4fte. F\u00fcr die Liebhaber von herzhaften Gen\u00fcssen gibt es Wurst- und K\u00e4sespezialit\u00e4ten, die von verschiedenen Brotsorten und Backwaren begleitet werden. Nat\u00fcrlich d\u00fcrfen hei\u00dfe Getr\u00e4nke wie Kaffee, Milch und mehrere Teesorten nicht fehlen.<\/p>\n\n\n\n<p><\/p>\n","protected":false},"excerpt":{"rendered":"<p>Im Erdgeschoss befindet sich ein heller, ger\u00e4umiger Fr\u00fchst\u00fccksraum, der Ihnen jeden Morgen den Urlaub vers\u00fc\u00dft. Am Buffet wird t\u00e4glich von 7 bis 10.30 Uhr eine reichhaltige Auswahl an Geb\u00e4ck, Croissants, Marmeladen und Joghurt angeboten. Dazu gibt es immer frisches Obst und durstl\u00f6schende S\u00e4fte. F\u00fcr die Liebhaber von herzhaften Gen\u00fcssen gibt es Wurst- und K\u00e4sespezialit\u00e4ten, die [&hellip;]<\/p>\n","protected":false},"author":1,"featured_media":0,"parent":0,"menu_order":32,"comment_status":"closed","ping_status":"closed","template":"","meta":{"_acf_changed":false,"footnotes":""},"class_list":["post-1762","page","type-page","status-publish","hentry"],"acf":[],"yoast_head":"<!-- This site is optimized with the Yoast SEO plugin v26.7 - https:\/\/yoast.com\/wordpress\/plugins\/seo\/ -->\n<title>Fr\u00fchst\u00fccksraum | Hotel Touring<\/title>\n<meta name=\"robots\" content=\"index, follow, max-snippet:-1, max-image-preview:large, max-video-preview:-1\" \/>\n<link rel=\"canonical\" href=\"https:\/\/www.touringcaorle.it\/de\/fruhstucksraum\/\" \/>\n<meta property=\"og:locale\" content=\"de_DE\" \/>\n<meta property=\"og:type\" content=\"article\" \/>\n<meta property=\"og:title\" content=\"Fr\u00fchst\u00fccksraum | Hotel Touring\" \/>\n<meta property=\"og:description\" content=\"Im Erdgeschoss befindet sich ein heller, ger\u00e4umiger Fr\u00fchst\u00fccksraum, der Ihnen jeden Morgen den Urlaub vers\u00fc\u00dft. Am Buffet wird t\u00e4glich von 7 bis 10.30 Uhr eine reichhaltige Auswahl an Geb\u00e4ck, Croissants, Marmeladen und Joghurt angeboten. Dazu gibt es immer frisches Obst und durstl\u00f6schende S\u00e4fte. F\u00fcr die Liebhaber von herzhaften Gen\u00fcssen gibt es Wurst- und K\u00e4sespezialit\u00e4ten, die [&hellip;]\" \/>\n<meta property=\"og:url\" content=\"https:\/\/www.touringcaorle.it\/de\/fruhstucksraum\/\" \/>\n<meta property=\"og:site_name\" content=\"Hotel Touring\" \/>\n<meta property=\"article:publisher\" content=\"https:\/\/www.facebook.com\/HotelTouringCaorle\/\" \/>\n<meta property=\"article:modified_time\" content=\"2026-01-07T15:35:28+00:00\" \/>\n<meta name=\"twitter:card\" content=\"summary_large_image\" \/>\n<script type=\"application\/ld+json\" class=\"yoast-schema-graph\">{\"@context\":\"https:\/\/schema.org\",\"@graph\":[{\"@type\":\"WebPage\",\"@id\":\"https:\/\/www.touringcaorle.it\/de\/fruhstucksraum\/\",\"url\":\"https:\/\/www.touringcaorle.it\/de\/fruhstucksraum\/\",\"name\":\"Fr\u00fchst\u00fccksraum | Hotel Touring\",\"isPartOf\":{\"@id\":\"https:\/\/www.touringcaorle.it\/de\/#website\"},\"datePublished\":\"2023-02-23T16:01:59+00:00\",\"dateModified\":\"2026-01-07T15:35:28+00:00\",\"breadcrumb\":{\"@id\":\"https:\/\/www.touringcaorle.it\/de\/fruhstucksraum\/#breadcrumb\"},\"inLanguage\":\"de\",\"potentialAction\":[{\"@type\":\"ReadAction\",\"target\":[\"https:\/\/www.touringcaorle.it\/de\/fruhstucksraum\/\"]}]},{\"@type\":\"BreadcrumbList\",\"@id\":\"https:\/\/www.touringcaorle.it\/de\/fruhstucksraum\/#breadcrumb\",\"itemListElement\":[{\"@type\":\"ListItem\",\"position\":1,\"name\":\"Home\",\"item\":\"https:\/\/www.touringcaorle.it\/de\/\"},{\"@type\":\"ListItem\",\"position\":2,\"name\":\"Fr\u00fchst\u00fccksraum\"}]},{\"@type\":\"WebSite\",\"@id\":\"https:\/\/www.touringcaorle.it\/de\/#website\",\"url\":\"https:\/\/www.touringcaorle.it\/de\/\",\"name\":\"Camping Marelago\",\"description\":\"Hotel fronte mare con piscina a Caorle\",\"publisher\":{\"@id\":\"https:\/\/www.touringcaorle.it\/de\/#organization\"},\"potentialAction\":[{\"@type\":\"SearchAction\",\"target\":{\"@type\":\"EntryPoint\",\"urlTemplate\":\"https:\/\/www.touringcaorle.it\/de\/?s={search_term_string}\"},\"query-input\":{\"@type\":\"PropertyValueSpecification\",\"valueRequired\":true,\"valueName\":\"search_term_string\"}}],\"inLanguage\":\"de\"},{\"@type\":\"Organization\",\"@id\":\"https:\/\/www.touringcaorle.it\/de\/#organization\",\"name\":\"Camping Marelago\",\"url\":\"https:\/\/www.touringcaorle.it\/de\/\",\"logo\":{\"@type\":\"ImageObject\",\"inLanguage\":\"de\",\"@id\":\"https:\/\/www.touringcaorle.it\/de\/#\/schema\/logo\/image\/\",\"url\":\"https:\/\/www.touringcaorle.it\/wp-content\/uploads\/2023\/03\/hotel-touring-caorle.svg\",\"contentUrl\":\"https:\/\/www.touringcaorle.it\/wp-content\/uploads\/2023\/03\/hotel-touring-caorle.svg\",\"width\":1,\"height\":1,\"caption\":\"Camping Marelago\"},\"image\":{\"@id\":\"https:\/\/www.touringcaorle.it\/de\/#\/schema\/logo\/image\/\"},\"sameAs\":[\"https:\/\/www.facebook.com\/HotelTouringCaorle\/\"]}]}<\/script>\n<!-- \/ Yoast SEO plugin. -->","yoast_head_json":{"title":"Fr\u00fchst\u00fccksraum | Hotel Touring","robots":{"index":"index","follow":"follow","max-snippet":"max-snippet:-1","max-image-preview":"max-image-preview:large","max-video-preview":"max-video-preview:-1"},"canonical":"https:\/\/www.touringcaorle.it\/de\/fruhstucksraum\/","og_locale":"de_DE","og_type":"article","og_title":"Fr\u00fchst\u00fccksraum | Hotel Touring","og_description":"Im Erdgeschoss befindet sich ein heller, ger\u00e4umiger Fr\u00fchst\u00fccksraum, der Ihnen jeden Morgen den Urlaub vers\u00fc\u00dft. Am Buffet wird t\u00e4glich von 7 bis 10.30 Uhr eine reichhaltige Auswahl an Geb\u00e4ck, Croissants, Marmeladen und Joghurt angeboten. Dazu gibt es immer frisches Obst und durstl\u00f6schende S\u00e4fte. F\u00fcr die Liebhaber von herzhaften Gen\u00fcssen gibt es Wurst- und K\u00e4sespezialit\u00e4ten, die [&hellip;]","og_url":"https:\/\/www.touringcaorle.it\/de\/fruhstucksraum\/","og_site_name":"Hotel Touring","article_publisher":"https:\/\/www.facebook.com\/HotelTouringCaorle\/","article_modified_time":"2026-01-07T15:35:28+00:00","twitter_card":"summary_large_image","schema":{"@context":"https:\/\/schema.org","@graph":[{"@type":"WebPage","@id":"https:\/\/www.touringcaorle.it\/de\/fruhstucksraum\/","url":"https:\/\/www.touringcaorle.it\/de\/fruhstucksraum\/","name":"Fr\u00fchst\u00fccksraum | Hotel Touring","isPartOf":{"@id":"https:\/\/www.touringcaorle.it\/de\/#website"},"datePublished":"2023-02-23T16:01:59+00:00","dateModified":"2026-01-07T15:35:28+00:00","breadcrumb":{"@id":"https:\/\/www.touringcaorle.it\/de\/fruhstucksraum\/#breadcrumb"},"inLanguage":"de","potentialAction":[{"@type":"ReadAction","target":["https:\/\/www.touringcaorle.it\/de\/fruhstucksraum\/"]}]},{"@type":"BreadcrumbList","@id":"https:\/\/www.touringcaorle.it\/de\/fruhstucksraum\/#breadcrumb","itemListElement":[{"@type":"ListItem","position":1,"name":"Home","item":"https:\/\/www.touringcaorle.it\/de\/"},{"@type":"ListItem","position":2,"name":"Fr\u00fchst\u00fccksraum"}]},{"@type":"WebSite","@id":"https:\/\/www.touringcaorle.it\/de\/#website","url":"https:\/\/www.touringcaorle.it\/de\/","name":"Camping Marelago","description":"Hotel fronte mare con piscina a Caorle","publisher":{"@id":"https:\/\/www.touringcaorle.it\/de\/#organization"},"potentialAction":[{"@type":"SearchAction","target":{"@type":"EntryPoint","urlTemplate":"https:\/\/www.touringcaorle.it\/de\/?s={search_term_string}"},"query-input":{"@type":"PropertyValueSpecification","valueRequired":true,"valueName":"search_term_string"}}],"inLanguage":"de"},{"@type":"Organization","@id":"https:\/\/www.touringcaorle.it\/de\/#organization","name":"Camping Marelago","url":"https:\/\/www.touringcaorle.it\/de\/","logo":{"@type":"ImageObject","inLanguage":"de","@id":"https:\/\/www.touringcaorle.it\/de\/#\/schema\/logo\/image\/","url":"https:\/\/www.touringcaorle.it\/wp-content\/uploads\/2023\/03\/hotel-touring-caorle.svg","contentUrl":"https:\/\/www.touringcaorle.it\/wp-content\/uploads\/2023\/03\/hotel-touring-caorle.svg","width":1,"height":1,"caption":"Camping Marelago"},"image":{"@id":"https:\/\/www.touringcaorle.it\/de\/#\/schema\/logo\/image\/"},"sameAs":["https:\/\/www.facebook.com\/HotelTouringCaorle\/"]}]}},"_links":{"self":[{"href":"https:\/\/www.touringcaorle.it\/de\/wp-json\/wp\/v2\/pages\/1762","targetHints":{"allow":["GET"]}}],"collection":[{"href":"https:\/\/www.touringcaorle.it\/de\/wp-json\/wp\/v2\/pages"}],"about":[{"href":"https:\/\/www.touringcaorle.it\/de\/wp-json\/wp\/v2\/types\/page"}],"author":[{"embeddable":true,"href":"https:\/\/www.touringcaorle.it\/de\/wp-json\/wp\/v2\/users\/1"}],"replies":[{"embeddable":true,"href":"https:\/\/www.touringcaorle.it\/de\/wp-json\/wp\/v2\/comments?post=1762"}],"version-history":[{"count":4,"href":"https:\/\/www.touringcaorle.it\/de\/wp-json\/wp\/v2\/pages\/1762\/revisions"}],"predecessor-version":[{"id":2685,"href":"https:\/\/www.touringcaorle.it\/de\/wp-json\/wp\/v2\/pages\/1762\/revisions\/2685"}],"wp:attachment":[{"href":"https:\/\/www.touringcaorle.it\/de\/wp-json\/wp\/v2\/media?parent=1762"}],"curies":[{"name":"wp","href":"https:\/\/api.w.org\/{rel}","templated":true}]}}