{"id":1723,"date":"2023-02-23T17:20:38","date_gmt":"2023-02-23T16:20:38","guid":{"rendered":"https:\/\/www.touringcaorle.it\/bar\/"},"modified":"2023-04-07T16:26:43","modified_gmt":"2023-04-07T14:26:43","slug":"bar","status":"publish","type":"page","link":"https:\/\/www.touringcaorle.it\/de\/bar\/","title":{"rendered":"Terrassenbar"},"content":{"rendered":"\n<p>Zum Hotel Touring geh\u00f6rt auch eine Terrassenbar mit Blick auf den goldenen Strand von Caorle, von der aus man die Aussicht bei einem k\u00fchlen Getr\u00e4nk genie\u00dfen kann. Wer abends vom Strand zur\u00fcckkommt, kann sich ein erfrischendes Eis g\u00f6nnen oder bei einem Kaffee neue Energie tanken. Am Abend l\u00e4dt die Caf\u00e9bar vor dem Essen zu einem Aperitif ein, danach trifft man sich zu einem Drink und einem Gespr\u00e4ch mit Freunden und neuen Bekannten.<\/p>\n","protected":false},"excerpt":{"rendered":"<p>Zum Hotel Touring geh\u00f6rt auch eine Terrassenbar mit Blick auf den goldenen Strand von Caorle, von der aus man die Aussicht bei einem k\u00fchlen Getr\u00e4nk genie\u00dfen kann. Wer abends vom Strand zur\u00fcckkommt, kann sich ein erfrischendes Eis g\u00f6nnen oder bei einem Kaffee neue Energie tanken. Am Abend l\u00e4dt die Caf\u00e9bar vor dem Essen zu einem [&hellip;]<\/p>\n","protected":false},"author":1,"featured_media":0,"parent":0,"menu_order":34,"comment_status":"closed","ping_status":"closed","template":"","meta":{"_acf_changed":false,"footnotes":""},"class_list":["post-1723","page","type-page","status-publish","hentry"],"acf":[],"yoast_head":"<!-- This site is optimized with the Yoast SEO plugin v26.7 - https:\/\/yoast.com\/wordpress\/plugins\/seo\/ -->\n<title>Terrassenbar | Hotel Touring<\/title>\n<meta name=\"robots\" content=\"index, follow, max-snippet:-1, max-image-preview:large, max-video-preview:-1\" \/>\n<link rel=\"canonical\" href=\"https:\/\/www.touringcaorle.it\/de\/bar\/\" \/>\n<meta property=\"og:locale\" content=\"de_DE\" \/>\n<meta property=\"og:type\" content=\"article\" \/>\n<meta property=\"og:title\" content=\"Terrassenbar | Hotel Touring\" \/>\n<meta property=\"og:description\" content=\"Zum Hotel Touring geh\u00f6rt auch eine Terrassenbar mit Blick auf den goldenen Strand von Caorle, von der aus man die Aussicht bei einem k\u00fchlen Getr\u00e4nk genie\u00dfen kann. Wer abends vom Strand zur\u00fcckkommt, kann sich ein erfrischendes Eis g\u00f6nnen oder bei einem Kaffee neue Energie tanken. Am Abend l\u00e4dt die Caf\u00e9bar vor dem Essen zu einem [&hellip;]\" \/>\n<meta property=\"og:url\" content=\"https:\/\/www.touringcaorle.it\/de\/bar\/\" \/>\n<meta property=\"og:site_name\" content=\"Hotel Touring\" \/>\n<meta property=\"article:publisher\" content=\"https:\/\/www.facebook.com\/HotelTouringCaorle\/\" \/>\n<meta property=\"article:modified_time\" content=\"2023-04-07T14:26:43+00:00\" \/>\n<meta name=\"twitter:card\" content=\"summary_large_image\" \/>\n<script type=\"application\/ld+json\" class=\"yoast-schema-graph\">{\"@context\":\"https:\/\/schema.org\",\"@graph\":[{\"@type\":\"WebPage\",\"@id\":\"https:\/\/www.touringcaorle.it\/de\/bar\/\",\"url\":\"https:\/\/www.touringcaorle.it\/de\/bar\/\",\"name\":\"Terrassenbar | Hotel Touring\",\"isPartOf\":{\"@id\":\"https:\/\/www.touringcaorle.it\/de\/#website\"},\"datePublished\":\"2023-02-23T16:20:38+00:00\",\"dateModified\":\"2023-04-07T14:26:43+00:00\",\"breadcrumb\":{\"@id\":\"https:\/\/www.touringcaorle.it\/de\/bar\/#breadcrumb\"},\"inLanguage\":\"de\",\"potentialAction\":[{\"@type\":\"ReadAction\",\"target\":[\"https:\/\/www.touringcaorle.it\/de\/bar\/\"]}]},{\"@type\":\"BreadcrumbList\",\"@id\":\"https:\/\/www.touringcaorle.it\/de\/bar\/#breadcrumb\",\"itemListElement\":[{\"@type\":\"ListItem\",\"position\":1,\"name\":\"Home\",\"item\":\"https:\/\/www.touringcaorle.it\/de\/\"},{\"@type\":\"ListItem\",\"position\":2,\"name\":\"Terrassenbar\"}]},{\"@type\":\"WebSite\",\"@id\":\"https:\/\/www.touringcaorle.it\/de\/#website\",\"url\":\"https:\/\/www.touringcaorle.it\/de\/\",\"name\":\"Camping Marelago\",\"description\":\"Hotel fronte mare con piscina a Caorle\",\"publisher\":{\"@id\":\"https:\/\/www.touringcaorle.it\/de\/#organization\"},\"potentialAction\":[{\"@type\":\"SearchAction\",\"target\":{\"@type\":\"EntryPoint\",\"urlTemplate\":\"https:\/\/www.touringcaorle.it\/de\/?s={search_term_string}\"},\"query-input\":{\"@type\":\"PropertyValueSpecification\",\"valueRequired\":true,\"valueName\":\"search_term_string\"}}],\"inLanguage\":\"de\"},{\"@type\":\"Organization\",\"@id\":\"https:\/\/www.touringcaorle.it\/de\/#organization\",\"name\":\"Camping Marelago\",\"url\":\"https:\/\/www.touringcaorle.it\/de\/\",\"logo\":{\"@type\":\"ImageObject\",\"inLanguage\":\"de\",\"@id\":\"https:\/\/www.touringcaorle.it\/de\/#\/schema\/logo\/image\/\",\"url\":\"https:\/\/www.touringcaorle.it\/wp-content\/uploads\/2023\/03\/hotel-touring-caorle.svg\",\"contentUrl\":\"https:\/\/www.touringcaorle.it\/wp-content\/uploads\/2023\/03\/hotel-touring-caorle.svg\",\"width\":1,\"height\":1,\"caption\":\"Camping Marelago\"},\"image\":{\"@id\":\"https:\/\/www.touringcaorle.it\/de\/#\/schema\/logo\/image\/\"},\"sameAs\":[\"https:\/\/www.facebook.com\/HotelTouringCaorle\/\"]}]}<\/script>\n<!-- \/ Yoast SEO plugin. -->","yoast_head_json":{"title":"Terrassenbar | Hotel Touring","robots":{"index":"index","follow":"follow","max-snippet":"max-snippet:-1","max-image-preview":"max-image-preview:large","max-video-preview":"max-video-preview:-1"},"canonical":"https:\/\/www.touringcaorle.it\/de\/bar\/","og_locale":"de_DE","og_type":"article","og_title":"Terrassenbar | Hotel Touring","og_description":"Zum Hotel Touring geh\u00f6rt auch eine Terrassenbar mit Blick auf den goldenen Strand von Caorle, von der aus man die Aussicht bei einem k\u00fchlen Getr\u00e4nk genie\u00dfen kann. Wer abends vom Strand zur\u00fcckkommt, kann sich ein erfrischendes Eis g\u00f6nnen oder bei einem Kaffee neue Energie tanken. Am Abend l\u00e4dt die Caf\u00e9bar vor dem Essen zu einem [&hellip;]","og_url":"https:\/\/www.touringcaorle.it\/de\/bar\/","og_site_name":"Hotel Touring","article_publisher":"https:\/\/www.facebook.com\/HotelTouringCaorle\/","article_modified_time":"2023-04-07T14:26:43+00:00","twitter_card":"summary_large_image","schema":{"@context":"https:\/\/schema.org","@graph":[{"@type":"WebPage","@id":"https:\/\/www.touringcaorle.it\/de\/bar\/","url":"https:\/\/www.touringcaorle.it\/de\/bar\/","name":"Terrassenbar | Hotel Touring","isPartOf":{"@id":"https:\/\/www.touringcaorle.it\/de\/#website"},"datePublished":"2023-02-23T16:20:38+00:00","dateModified":"2023-04-07T14:26:43+00:00","breadcrumb":{"@id":"https:\/\/www.touringcaorle.it\/de\/bar\/#breadcrumb"},"inLanguage":"de","potentialAction":[{"@type":"ReadAction","target":["https:\/\/www.touringcaorle.it\/de\/bar\/"]}]},{"@type":"BreadcrumbList","@id":"https:\/\/www.touringcaorle.it\/de\/bar\/#breadcrumb","itemListElement":[{"@type":"ListItem","position":1,"name":"Home","item":"https:\/\/www.touringcaorle.it\/de\/"},{"@type":"ListItem","position":2,"name":"Terrassenbar"}]},{"@type":"WebSite","@id":"https:\/\/www.touringcaorle.it\/de\/#website","url":"https:\/\/www.touringcaorle.it\/de\/","name":"Camping Marelago","description":"Hotel fronte mare con piscina a Caorle","publisher":{"@id":"https:\/\/www.touringcaorle.it\/de\/#organization"},"potentialAction":[{"@type":"SearchAction","target":{"@type":"EntryPoint","urlTemplate":"https:\/\/www.touringcaorle.it\/de\/?s={search_term_string}"},"query-input":{"@type":"PropertyValueSpecification","valueRequired":true,"valueName":"search_term_string"}}],"inLanguage":"de"},{"@type":"Organization","@id":"https:\/\/www.touringcaorle.it\/de\/#organization","name":"Camping Marelago","url":"https:\/\/www.touringcaorle.it\/de\/","logo":{"@type":"ImageObject","inLanguage":"de","@id":"https:\/\/www.touringcaorle.it\/de\/#\/schema\/logo\/image\/","url":"https:\/\/www.touringcaorle.it\/wp-content\/uploads\/2023\/03\/hotel-touring-caorle.svg","contentUrl":"https:\/\/www.touringcaorle.it\/wp-content\/uploads\/2023\/03\/hotel-touring-caorle.svg","width":1,"height":1,"caption":"Camping Marelago"},"image":{"@id":"https:\/\/www.touringcaorle.it\/de\/#\/schema\/logo\/image\/"},"sameAs":["https:\/\/www.facebook.com\/HotelTouringCaorle\/"]}]}},"_links":{"self":[{"href":"https:\/\/www.touringcaorle.it\/de\/wp-json\/wp\/v2\/pages\/1723","targetHints":{"allow":["GET"]}}],"collection":[{"href":"https:\/\/www.touringcaorle.it\/de\/wp-json\/wp\/v2\/pages"}],"about":[{"href":"https:\/\/www.touringcaorle.it\/de\/wp-json\/wp\/v2\/types\/page"}],"author":[{"embeddable":true,"href":"https:\/\/www.touringcaorle.it\/de\/wp-json\/wp\/v2\/users\/1"}],"replies":[{"embeddable":true,"href":"https:\/\/www.touringcaorle.it\/de\/wp-json\/wp\/v2\/comments?post=1723"}],"version-history":[{"count":5,"href":"https:\/\/www.touringcaorle.it\/de\/wp-json\/wp\/v2\/pages\/1723\/revisions"}],"predecessor-version":[{"id":2059,"href":"https:\/\/www.touringcaorle.it\/de\/wp-json\/wp\/v2\/pages\/1723\/revisions\/2059"}],"wp:attachment":[{"href":"https:\/\/www.touringcaorle.it\/de\/wp-json\/wp\/v2\/media?parent=1723"}],"curies":[{"name":"wp","href":"https:\/\/api.w.org\/{rel}","templated":true}]}}