{"id":1508,"date":"2023-03-13T17:26:08","date_gmt":"2023-03-13T16:26:08","guid":{"rendered":"https:\/\/www.touringcaorle.it\/gallery\/il-ristorante\/"},"modified":"2023-04-05T00:51:16","modified_gmt":"2023-04-04T22:51:16","slug":"das-restaurant","status":"publish","type":"page","link":"https:\/\/www.touringcaorle.it\/de\/galerie\/das-restaurant\/","title":{"rendered":"Restaurant"},"content":{"rendered":"\n<p>Das Hotel Touring bietet ein reichhaltiges Fr\u00fchst\u00fccksbuffet und f\u00fcr alle, die die Halbpension w\u00fcnschen schl\u00e4gt es das ausgezeichnete Restaurant Panfilo vor, das nur 20 m entfernt ist und eine gro\u00dfe Terrasse mit Meeresblick besitzt.<\/p>\n","protected":false},"excerpt":{"rendered":"<p>Das Hotel Touring bietet ein reichhaltiges Fr\u00fchst\u00fccksbuffet und f\u00fcr alle, die die Halbpension w\u00fcnschen schl\u00e4gt es das ausgezeichnete Restaurant Panfilo vor, das nur 20 m entfernt ist und eine gro\u00dfe Terrasse mit Meeresblick besitzt.<\/p>\n","protected":false},"author":1,"featured_media":1483,"parent":775,"menu_order":2,"comment_status":"closed","ping_status":"closed","template":"template-gallery.php","meta":{"_acf_changed":false,"footnotes":""},"class_list":["post-1508","page","type-page","status-publish","has-post-thumbnail","hentry"],"acf":[],"yoast_head":"<!-- This site is optimized with the Yoast SEO plugin v26.7 - https:\/\/yoast.com\/wordpress\/plugins\/seo\/ -->\n<title>Restaurant | Hotel Touring<\/title>\n<meta name=\"description\" content=\"Das Touring Hotel bietet ein reichhaltiges Fr\u00fchst\u00fccksbuffet und f\u00fcr alle, die Halbpension w\u00fcnschen, das Restaurant Panfilo.\" \/>\n<meta name=\"robots\" content=\"index, follow, max-snippet:-1, max-image-preview:large, max-video-preview:-1\" \/>\n<link rel=\"canonical\" href=\"https:\/\/www.touringcaorle.it\/de\/galerie\/das-restaurant\/\" \/>\n<meta property=\"og:locale\" content=\"de_DE\" \/>\n<meta property=\"og:type\" content=\"article\" \/>\n<meta property=\"og:title\" content=\"Restaurant | Hotel Touring\" \/>\n<meta property=\"og:description\" content=\"Das Touring Hotel bietet ein reichhaltiges Fr\u00fchst\u00fccksbuffet und f\u00fcr alle, die Halbpension w\u00fcnschen, das Restaurant Panfilo.\" \/>\n<meta property=\"og:url\" content=\"https:\/\/www.touringcaorle.it\/de\/galerie\/das-restaurant\/\" \/>\n<meta property=\"og:site_name\" content=\"Hotel Touring\" \/>\n<meta property=\"article:publisher\" content=\"https:\/\/www.facebook.com\/HotelTouringCaorle\/\" \/>\n<meta property=\"article:modified_time\" content=\"2023-04-04T22:51:16+00:00\" \/>\n<meta property=\"og:image\" content=\"https:\/\/www.touringcaorle.it\/wp-content\/uploads\/2023\/04\/ristorante-panfilo-9.webp\" \/>\n\t<meta property=\"og:image:width\" content=\"1900\" \/>\n\t<meta property=\"og:image:height\" content=\"1280\" \/>\n\t<meta property=\"og:image:type\" content=\"image\/webp\" \/>\n<meta name=\"twitter:card\" content=\"summary_large_image\" \/>\n<script type=\"application\/ld+json\" class=\"yoast-schema-graph\">{\"@context\":\"https:\/\/schema.org\",\"@graph\":[{\"@type\":\"WebPage\",\"@id\":\"https:\/\/www.touringcaorle.it\/de\/galerie\/das-restaurant\/\",\"url\":\"https:\/\/www.touringcaorle.it\/de\/galerie\/das-restaurant\/\",\"name\":\"Restaurant | Hotel Touring\",\"isPartOf\":{\"@id\":\"https:\/\/www.touringcaorle.it\/de\/#website\"},\"primaryImageOfPage\":{\"@id\":\"https:\/\/www.touringcaorle.it\/de\/galerie\/das-restaurant\/#primaryimage\"},\"image\":{\"@id\":\"https:\/\/www.touringcaorle.it\/de\/galerie\/das-restaurant\/#primaryimage\"},\"thumbnailUrl\":\"https:\/\/www.touringcaorle.it\/wp-content\/uploads\/2023\/04\/ristorante-panfilo-9.webp\",\"datePublished\":\"2023-03-13T16:26:08+00:00\",\"dateModified\":\"2023-04-04T22:51:16+00:00\",\"description\":\"Das Touring Hotel bietet ein reichhaltiges Fr\u00fchst\u00fccksbuffet und f\u00fcr alle, die Halbpension w\u00fcnschen, das Restaurant Panfilo.\",\"breadcrumb\":{\"@id\":\"https:\/\/www.touringcaorle.it\/de\/galerie\/das-restaurant\/#breadcrumb\"},\"inLanguage\":\"de\",\"potentialAction\":[{\"@type\":\"ReadAction\",\"target\":[\"https:\/\/www.touringcaorle.it\/de\/galerie\/das-restaurant\/\"]}]},{\"@type\":\"ImageObject\",\"inLanguage\":\"de\",\"@id\":\"https:\/\/www.touringcaorle.it\/de\/galerie\/das-restaurant\/#primaryimage\",\"url\":\"https:\/\/www.touringcaorle.it\/wp-content\/uploads\/2023\/04\/ristorante-panfilo-9.webp\",\"contentUrl\":\"https:\/\/www.touringcaorle.it\/wp-content\/uploads\/2023\/04\/ristorante-panfilo-9.webp\",\"width\":1900,\"height\":1280},{\"@type\":\"BreadcrumbList\",\"@id\":\"https:\/\/www.touringcaorle.it\/de\/galerie\/das-restaurant\/#breadcrumb\",\"itemListElement\":[{\"@type\":\"ListItem\",\"position\":1,\"name\":\"Home\",\"item\":\"https:\/\/www.touringcaorle.it\/de\/\"},{\"@type\":\"ListItem\",\"position\":2,\"name\":\"Galerie\",\"item\":\"https:\/\/www.touringcaorle.it\/de\/galerie\/\"},{\"@type\":\"ListItem\",\"position\":3,\"name\":\"Restaurant\"}]},{\"@type\":\"WebSite\",\"@id\":\"https:\/\/www.touringcaorle.it\/de\/#website\",\"url\":\"https:\/\/www.touringcaorle.it\/de\/\",\"name\":\"Camping Marelago\",\"description\":\"Hotel fronte mare con piscina a Caorle\",\"publisher\":{\"@id\":\"https:\/\/www.touringcaorle.it\/de\/#organization\"},\"potentialAction\":[{\"@type\":\"SearchAction\",\"target\":{\"@type\":\"EntryPoint\",\"urlTemplate\":\"https:\/\/www.touringcaorle.it\/de\/?s={search_term_string}\"},\"query-input\":{\"@type\":\"PropertyValueSpecification\",\"valueRequired\":true,\"valueName\":\"search_term_string\"}}],\"inLanguage\":\"de\"},{\"@type\":\"Organization\",\"@id\":\"https:\/\/www.touringcaorle.it\/de\/#organization\",\"name\":\"Camping Marelago\",\"url\":\"https:\/\/www.touringcaorle.it\/de\/\",\"logo\":{\"@type\":\"ImageObject\",\"inLanguage\":\"de\",\"@id\":\"https:\/\/www.touringcaorle.it\/de\/#\/schema\/logo\/image\/\",\"url\":\"https:\/\/www.touringcaorle.it\/wp-content\/uploads\/2023\/03\/hotel-touring-caorle.svg\",\"contentUrl\":\"https:\/\/www.touringcaorle.it\/wp-content\/uploads\/2023\/03\/hotel-touring-caorle.svg\",\"width\":1,\"height\":1,\"caption\":\"Camping Marelago\"},\"image\":{\"@id\":\"https:\/\/www.touringcaorle.it\/de\/#\/schema\/logo\/image\/\"},\"sameAs\":[\"https:\/\/www.facebook.com\/HotelTouringCaorle\/\"]}]}<\/script>\n<!-- \/ Yoast SEO plugin. -->","yoast_head_json":{"title":"Restaurant | Hotel Touring","description":"Das Touring Hotel bietet ein reichhaltiges Fr\u00fchst\u00fccksbuffet und f\u00fcr alle, die Halbpension w\u00fcnschen, das Restaurant Panfilo.","robots":{"index":"index","follow":"follow","max-snippet":"max-snippet:-1","max-image-preview":"max-image-preview:large","max-video-preview":"max-video-preview:-1"},"canonical":"https:\/\/www.touringcaorle.it\/de\/galerie\/das-restaurant\/","og_locale":"de_DE","og_type":"article","og_title":"Restaurant | Hotel Touring","og_description":"Das Touring Hotel bietet ein reichhaltiges Fr\u00fchst\u00fccksbuffet und f\u00fcr alle, die Halbpension w\u00fcnschen, das Restaurant Panfilo.","og_url":"https:\/\/www.touringcaorle.it\/de\/galerie\/das-restaurant\/","og_site_name":"Hotel Touring","article_publisher":"https:\/\/www.facebook.com\/HotelTouringCaorle\/","article_modified_time":"2023-04-04T22:51:16+00:00","og_image":[{"width":1900,"height":1280,"url":"https:\/\/www.touringcaorle.it\/wp-content\/uploads\/2023\/04\/ristorante-panfilo-9.webp","type":"image\/webp"}],"twitter_card":"summary_large_image","schema":{"@context":"https:\/\/schema.org","@graph":[{"@type":"WebPage","@id":"https:\/\/www.touringcaorle.it\/de\/galerie\/das-restaurant\/","url":"https:\/\/www.touringcaorle.it\/de\/galerie\/das-restaurant\/","name":"Restaurant | Hotel Touring","isPartOf":{"@id":"https:\/\/www.touringcaorle.it\/de\/#website"},"primaryImageOfPage":{"@id":"https:\/\/www.touringcaorle.it\/de\/galerie\/das-restaurant\/#primaryimage"},"image":{"@id":"https:\/\/www.touringcaorle.it\/de\/galerie\/das-restaurant\/#primaryimage"},"thumbnailUrl":"https:\/\/www.touringcaorle.it\/wp-content\/uploads\/2023\/04\/ristorante-panfilo-9.webp","datePublished":"2023-03-13T16:26:08+00:00","dateModified":"2023-04-04T22:51:16+00:00","description":"Das Touring Hotel bietet ein reichhaltiges Fr\u00fchst\u00fccksbuffet und f\u00fcr alle, die Halbpension w\u00fcnschen, das Restaurant Panfilo.","breadcrumb":{"@id":"https:\/\/www.touringcaorle.it\/de\/galerie\/das-restaurant\/#breadcrumb"},"inLanguage":"de","potentialAction":[{"@type":"ReadAction","target":["https:\/\/www.touringcaorle.it\/de\/galerie\/das-restaurant\/"]}]},{"@type":"ImageObject","inLanguage":"de","@id":"https:\/\/www.touringcaorle.it\/de\/galerie\/das-restaurant\/#primaryimage","url":"https:\/\/www.touringcaorle.it\/wp-content\/uploads\/2023\/04\/ristorante-panfilo-9.webp","contentUrl":"https:\/\/www.touringcaorle.it\/wp-content\/uploads\/2023\/04\/ristorante-panfilo-9.webp","width":1900,"height":1280},{"@type":"BreadcrumbList","@id":"https:\/\/www.touringcaorle.it\/de\/galerie\/das-restaurant\/#breadcrumb","itemListElement":[{"@type":"ListItem","position":1,"name":"Home","item":"https:\/\/www.touringcaorle.it\/de\/"},{"@type":"ListItem","position":2,"name":"Galerie","item":"https:\/\/www.touringcaorle.it\/de\/galerie\/"},{"@type":"ListItem","position":3,"name":"Restaurant"}]},{"@type":"WebSite","@id":"https:\/\/www.touringcaorle.it\/de\/#website","url":"https:\/\/www.touringcaorle.it\/de\/","name":"Camping Marelago","description":"Hotel fronte mare con piscina a Caorle","publisher":{"@id":"https:\/\/www.touringcaorle.it\/de\/#organization"},"potentialAction":[{"@type":"SearchAction","target":{"@type":"EntryPoint","urlTemplate":"https:\/\/www.touringcaorle.it\/de\/?s={search_term_string}"},"query-input":{"@type":"PropertyValueSpecification","valueRequired":true,"valueName":"search_term_string"}}],"inLanguage":"de"},{"@type":"Organization","@id":"https:\/\/www.touringcaorle.it\/de\/#organization","name":"Camping Marelago","url":"https:\/\/www.touringcaorle.it\/de\/","logo":{"@type":"ImageObject","inLanguage":"de","@id":"https:\/\/www.touringcaorle.it\/de\/#\/schema\/logo\/image\/","url":"https:\/\/www.touringcaorle.it\/wp-content\/uploads\/2023\/03\/hotel-touring-caorle.svg","contentUrl":"https:\/\/www.touringcaorle.it\/wp-content\/uploads\/2023\/03\/hotel-touring-caorle.svg","width":1,"height":1,"caption":"Camping Marelago"},"image":{"@id":"https:\/\/www.touringcaorle.it\/de\/#\/schema\/logo\/image\/"},"sameAs":["https:\/\/www.facebook.com\/HotelTouringCaorle\/"]}]}},"_links":{"self":[{"href":"https:\/\/www.touringcaorle.it\/de\/wp-json\/wp\/v2\/pages\/1508","targetHints":{"allow":["GET"]}}],"collection":[{"href":"https:\/\/www.touringcaorle.it\/de\/wp-json\/wp\/v2\/pages"}],"about":[{"href":"https:\/\/www.touringcaorle.it\/de\/wp-json\/wp\/v2\/types\/page"}],"author":[{"embeddable":true,"href":"https:\/\/www.touringcaorle.it\/de\/wp-json\/wp\/v2\/users\/1"}],"replies":[{"embeddable":true,"href":"https:\/\/www.touringcaorle.it\/de\/wp-json\/wp\/v2\/comments?post=1508"}],"version-history":[{"count":2,"href":"https:\/\/www.touringcaorle.it\/de\/wp-json\/wp\/v2\/pages\/1508\/revisions"}],"predecessor-version":[{"id":1513,"href":"https:\/\/www.touringcaorle.it\/de\/wp-json\/wp\/v2\/pages\/1508\/revisions\/1513"}],"up":[{"embeddable":true,"href":"https:\/\/www.touringcaorle.it\/de\/wp-json\/wp\/v2\/pages\/775"}],"wp:featuredmedia":[{"embeddable":true,"href":"https:\/\/www.touringcaorle.it\/de\/wp-json\/wp\/v2\/media\/1483"}],"wp:attachment":[{"href":"https:\/\/www.touringcaorle.it\/de\/wp-json\/wp\/v2\/media?parent=1508"}],"curies":[{"name":"wp","href":"https:\/\/api.w.org\/{rel}","templated":true}]}}