{"id":1294,"date":"2023-02-23T16:56:57","date_gmt":"2023-02-23T15:56:57","guid":{"rendered":"https:\/\/www.touringcaorle.it\/zimmer-in-caorle\/panoramic-room\/"},"modified":"2023-07-05T12:26:55","modified_gmt":"2023-07-05T10:26:55","slug":"zimmer-panoramic","status":"publish","type":"page","link":"https:\/\/www.touringcaorle.it\/de\/zimmer-in-caorle\/zimmer-panoramic\/","title":{"rendered":"Panoramic Zimmer"},"content":{"rendered":"\n<p>Gem\u00fctlicher Zimmer mit wundersch\u00f6nem Blick auf das Meer.<strong> <\/strong>Das Panoramic Zimmer verf\u00fcgt \u00fcber ein Doppelbett, ein Stockbett und ein Zustellbett und eignet sich ideal f\u00fcr einen Urlaub mit der ganzen Familie. <\/p>\n\n\n\n<p><strong><strong>Zus\u00e4tzlicher Service:<\/strong><\/strong><\/p>\n\n\n\n<ul class=\"list-room wp-block-list\">\n<li>Strand Service mit 1 Sonnerschirm und 2 Liegen <\/li>\n<\/ul>\n","protected":false},"excerpt":{"rendered":"<p>Gem\u00fctlicher Zimmer mit wundersch\u00f6nem Blick auf das Meer. Das Panoramic Zimmer verf\u00fcgt \u00fcber ein Doppelbett, ein Stockbett und ein Zustellbett und eignet sich ideal f\u00fcr einen Urlaub mit der ganzen Familie. Zus\u00e4tzlicher Service:<\/p>\n","protected":false},"author":1,"featured_media":2250,"parent":21,"menu_order":33,"comment_status":"closed","ping_status":"closed","template":"template-room-details.php","meta":{"_acf_changed":false,"footnotes":""},"class_list":["post-1294","page","type-page","status-publish","has-post-thumbnail","hentry"],"acf":[],"yoast_head":"<!-- This site is optimized with the Yoast SEO plugin v26.7 - https:\/\/yoast.com\/wordpress\/plugins\/seo\/ -->\n<title>Panoramic Zimmer | Hotel Touring<\/title>\n<meta name=\"robots\" content=\"index, follow, max-snippet:-1, max-image-preview:large, max-video-preview:-1\" \/>\n<link rel=\"canonical\" href=\"https:\/\/www.touringcaorle.it\/de\/zimmer-in-caorle\/zimmer-panoramic\/\" \/>\n<meta property=\"og:locale\" content=\"de_DE\" \/>\n<meta property=\"og:type\" content=\"article\" \/>\n<meta property=\"og:title\" content=\"Panoramic Zimmer | Hotel Touring\" \/>\n<meta property=\"og:description\" content=\"Gem\u00fctlicher Zimmer mit wundersch\u00f6nem Blick auf das Meer. Das Panoramic Zimmer verf\u00fcgt \u00fcber ein Doppelbett, ein Stockbett und ein Zustellbett und eignet sich ideal f\u00fcr einen Urlaub mit der ganzen Familie. Zus\u00e4tzlicher Service:\" \/>\n<meta property=\"og:url\" content=\"https:\/\/www.touringcaorle.it\/de\/zimmer-in-caorle\/zimmer-panoramic\/\" \/>\n<meta property=\"og:site_name\" content=\"Hotel Touring\" \/>\n<meta property=\"article:publisher\" content=\"https:\/\/www.facebook.com\/HotelTouringCaorle\/\" \/>\n<meta property=\"article:modified_time\" content=\"2023-07-05T10:26:55+00:00\" \/>\n<meta property=\"og:image\" content=\"https:\/\/www.touringcaorle.it\/wp-content\/uploads\/2023\/07\/Touring_panoramic-3.webp\" \/>\n\t<meta property=\"og:image:width\" content=\"1920\" \/>\n\t<meta property=\"og:image:height\" content=\"1280\" \/>\n\t<meta property=\"og:image:type\" content=\"image\/webp\" \/>\n<meta name=\"twitter:card\" content=\"summary_large_image\" \/>\n<script type=\"application\/ld+json\" class=\"yoast-schema-graph\">{\"@context\":\"https:\/\/schema.org\",\"@graph\":[{\"@type\":\"WebPage\",\"@id\":\"https:\/\/www.touringcaorle.it\/de\/zimmer-in-caorle\/zimmer-panoramic\/\",\"url\":\"https:\/\/www.touringcaorle.it\/de\/zimmer-in-caorle\/zimmer-panoramic\/\",\"name\":\"Panoramic Zimmer | Hotel Touring\",\"isPartOf\":{\"@id\":\"https:\/\/www.touringcaorle.it\/de\/#website\"},\"primaryImageOfPage\":{\"@id\":\"https:\/\/www.touringcaorle.it\/de\/zimmer-in-caorle\/zimmer-panoramic\/#primaryimage\"},\"image\":{\"@id\":\"https:\/\/www.touringcaorle.it\/de\/zimmer-in-caorle\/zimmer-panoramic\/#primaryimage\"},\"thumbnailUrl\":\"https:\/\/www.touringcaorle.it\/wp-content\/uploads\/2023\/07\/Touring_panoramic-3.webp\",\"datePublished\":\"2023-02-23T15:56:57+00:00\",\"dateModified\":\"2023-07-05T10:26:55+00:00\",\"breadcrumb\":{\"@id\":\"https:\/\/www.touringcaorle.it\/de\/zimmer-in-caorle\/zimmer-panoramic\/#breadcrumb\"},\"inLanguage\":\"de\",\"potentialAction\":[{\"@type\":\"ReadAction\",\"target\":[\"https:\/\/www.touringcaorle.it\/de\/zimmer-in-caorle\/zimmer-panoramic\/\"]}]},{\"@type\":\"ImageObject\",\"inLanguage\":\"de\",\"@id\":\"https:\/\/www.touringcaorle.it\/de\/zimmer-in-caorle\/zimmer-panoramic\/#primaryimage\",\"url\":\"https:\/\/www.touringcaorle.it\/wp-content\/uploads\/2023\/07\/Touring_panoramic-3.webp\",\"contentUrl\":\"https:\/\/www.touringcaorle.it\/wp-content\/uploads\/2023\/07\/Touring_panoramic-3.webp\",\"width\":1920,\"height\":1280},{\"@type\":\"BreadcrumbList\",\"@id\":\"https:\/\/www.touringcaorle.it\/de\/zimmer-in-caorle\/zimmer-panoramic\/#breadcrumb\",\"itemListElement\":[{\"@type\":\"ListItem\",\"position\":1,\"name\":\"Home\",\"item\":\"https:\/\/www.touringcaorle.it\/de\/\"},{\"@type\":\"ListItem\",\"position\":2,\"name\":\"Zimmer\",\"item\":\"https:\/\/www.touringcaorle.it\/de\/zimmer-in-caorle\/\"},{\"@type\":\"ListItem\",\"position\":3,\"name\":\"Panoramic Zimmer\"}]},{\"@type\":\"WebSite\",\"@id\":\"https:\/\/www.touringcaorle.it\/de\/#website\",\"url\":\"https:\/\/www.touringcaorle.it\/de\/\",\"name\":\"Camping Marelago\",\"description\":\"Hotel fronte mare con piscina a Caorle\",\"publisher\":{\"@id\":\"https:\/\/www.touringcaorle.it\/de\/#organization\"},\"potentialAction\":[{\"@type\":\"SearchAction\",\"target\":{\"@type\":\"EntryPoint\",\"urlTemplate\":\"https:\/\/www.touringcaorle.it\/de\/?s={search_term_string}\"},\"query-input\":{\"@type\":\"PropertyValueSpecification\",\"valueRequired\":true,\"valueName\":\"search_term_string\"}}],\"inLanguage\":\"de\"},{\"@type\":\"Organization\",\"@id\":\"https:\/\/www.touringcaorle.it\/de\/#organization\",\"name\":\"Camping Marelago\",\"url\":\"https:\/\/www.touringcaorle.it\/de\/\",\"logo\":{\"@type\":\"ImageObject\",\"inLanguage\":\"de\",\"@id\":\"https:\/\/www.touringcaorle.it\/de\/#\/schema\/logo\/image\/\",\"url\":\"https:\/\/www.touringcaorle.it\/wp-content\/uploads\/2023\/03\/hotel-touring-caorle.svg\",\"contentUrl\":\"https:\/\/www.touringcaorle.it\/wp-content\/uploads\/2023\/03\/hotel-touring-caorle.svg\",\"width\":1,\"height\":1,\"caption\":\"Camping Marelago\"},\"image\":{\"@id\":\"https:\/\/www.touringcaorle.it\/de\/#\/schema\/logo\/image\/\"},\"sameAs\":[\"https:\/\/www.facebook.com\/HotelTouringCaorle\/\"]}]}<\/script>\n<!-- \/ Yoast SEO plugin. -->","yoast_head_json":{"title":"Panoramic Zimmer | Hotel Touring","robots":{"index":"index","follow":"follow","max-snippet":"max-snippet:-1","max-image-preview":"max-image-preview:large","max-video-preview":"max-video-preview:-1"},"canonical":"https:\/\/www.touringcaorle.it\/de\/zimmer-in-caorle\/zimmer-panoramic\/","og_locale":"de_DE","og_type":"article","og_title":"Panoramic Zimmer | Hotel Touring","og_description":"Gem\u00fctlicher Zimmer mit wundersch\u00f6nem Blick auf das Meer. Das Panoramic Zimmer verf\u00fcgt \u00fcber ein Doppelbett, ein Stockbett und ein Zustellbett und eignet sich ideal f\u00fcr einen Urlaub mit der ganzen Familie. Zus\u00e4tzlicher Service:","og_url":"https:\/\/www.touringcaorle.it\/de\/zimmer-in-caorle\/zimmer-panoramic\/","og_site_name":"Hotel Touring","article_publisher":"https:\/\/www.facebook.com\/HotelTouringCaorle\/","article_modified_time":"2023-07-05T10:26:55+00:00","og_image":[{"width":1920,"height":1280,"url":"https:\/\/www.touringcaorle.it\/wp-content\/uploads\/2023\/07\/Touring_panoramic-3.webp","type":"image\/webp"}],"twitter_card":"summary_large_image","schema":{"@context":"https:\/\/schema.org","@graph":[{"@type":"WebPage","@id":"https:\/\/www.touringcaorle.it\/de\/zimmer-in-caorle\/zimmer-panoramic\/","url":"https:\/\/www.touringcaorle.it\/de\/zimmer-in-caorle\/zimmer-panoramic\/","name":"Panoramic Zimmer | Hotel Touring","isPartOf":{"@id":"https:\/\/www.touringcaorle.it\/de\/#website"},"primaryImageOfPage":{"@id":"https:\/\/www.touringcaorle.it\/de\/zimmer-in-caorle\/zimmer-panoramic\/#primaryimage"},"image":{"@id":"https:\/\/www.touringcaorle.it\/de\/zimmer-in-caorle\/zimmer-panoramic\/#primaryimage"},"thumbnailUrl":"https:\/\/www.touringcaorle.it\/wp-content\/uploads\/2023\/07\/Touring_panoramic-3.webp","datePublished":"2023-02-23T15:56:57+00:00","dateModified":"2023-07-05T10:26:55+00:00","breadcrumb":{"@id":"https:\/\/www.touringcaorle.it\/de\/zimmer-in-caorle\/zimmer-panoramic\/#breadcrumb"},"inLanguage":"de","potentialAction":[{"@type":"ReadAction","target":["https:\/\/www.touringcaorle.it\/de\/zimmer-in-caorle\/zimmer-panoramic\/"]}]},{"@type":"ImageObject","inLanguage":"de","@id":"https:\/\/www.touringcaorle.it\/de\/zimmer-in-caorle\/zimmer-panoramic\/#primaryimage","url":"https:\/\/www.touringcaorle.it\/wp-content\/uploads\/2023\/07\/Touring_panoramic-3.webp","contentUrl":"https:\/\/www.touringcaorle.it\/wp-content\/uploads\/2023\/07\/Touring_panoramic-3.webp","width":1920,"height":1280},{"@type":"BreadcrumbList","@id":"https:\/\/www.touringcaorle.it\/de\/zimmer-in-caorle\/zimmer-panoramic\/#breadcrumb","itemListElement":[{"@type":"ListItem","position":1,"name":"Home","item":"https:\/\/www.touringcaorle.it\/de\/"},{"@type":"ListItem","position":2,"name":"Zimmer","item":"https:\/\/www.touringcaorle.it\/de\/zimmer-in-caorle\/"},{"@type":"ListItem","position":3,"name":"Panoramic Zimmer"}]},{"@type":"WebSite","@id":"https:\/\/www.touringcaorle.it\/de\/#website","url":"https:\/\/www.touringcaorle.it\/de\/","name":"Camping Marelago","description":"Hotel fronte mare con piscina a Caorle","publisher":{"@id":"https:\/\/www.touringcaorle.it\/de\/#organization"},"potentialAction":[{"@type":"SearchAction","target":{"@type":"EntryPoint","urlTemplate":"https:\/\/www.touringcaorle.it\/de\/?s={search_term_string}"},"query-input":{"@type":"PropertyValueSpecification","valueRequired":true,"valueName":"search_term_string"}}],"inLanguage":"de"},{"@type":"Organization","@id":"https:\/\/www.touringcaorle.it\/de\/#organization","name":"Camping Marelago","url":"https:\/\/www.touringcaorle.it\/de\/","logo":{"@type":"ImageObject","inLanguage":"de","@id":"https:\/\/www.touringcaorle.it\/de\/#\/schema\/logo\/image\/","url":"https:\/\/www.touringcaorle.it\/wp-content\/uploads\/2023\/03\/hotel-touring-caorle.svg","contentUrl":"https:\/\/www.touringcaorle.it\/wp-content\/uploads\/2023\/03\/hotel-touring-caorle.svg","width":1,"height":1,"caption":"Camping Marelago"},"image":{"@id":"https:\/\/www.touringcaorle.it\/de\/#\/schema\/logo\/image\/"},"sameAs":["https:\/\/www.facebook.com\/HotelTouringCaorle\/"]}]}},"_links":{"self":[{"href":"https:\/\/www.touringcaorle.it\/de\/wp-json\/wp\/v2\/pages\/1294","targetHints":{"allow":["GET"]}}],"collection":[{"href":"https:\/\/www.touringcaorle.it\/de\/wp-json\/wp\/v2\/pages"}],"about":[{"href":"https:\/\/www.touringcaorle.it\/de\/wp-json\/wp\/v2\/types\/page"}],"author":[{"embeddable":true,"href":"https:\/\/www.touringcaorle.it\/de\/wp-json\/wp\/v2\/users\/1"}],"replies":[{"embeddable":true,"href":"https:\/\/www.touringcaorle.it\/de\/wp-json\/wp\/v2\/comments?post=1294"}],"version-history":[{"count":6,"href":"https:\/\/www.touringcaorle.it\/de\/wp-json\/wp\/v2\/pages\/1294\/revisions"}],"predecessor-version":[{"id":2265,"href":"https:\/\/www.touringcaorle.it\/de\/wp-json\/wp\/v2\/pages\/1294\/revisions\/2265"}],"up":[{"embeddable":true,"href":"https:\/\/www.touringcaorle.it\/de\/wp-json\/wp\/v2\/pages\/21"}],"wp:featuredmedia":[{"embeddable":true,"href":"https:\/\/www.touringcaorle.it\/de\/wp-json\/wp\/v2\/media\/2250"}],"wp:attachment":[{"href":"https:\/\/www.touringcaorle.it\/de\/wp-json\/wp\/v2\/media?parent=1294"}],"curies":[{"name":"wp","href":"https:\/\/api.w.org\/{rel}","templated":true}]}}