{"id":1037,"date":"2023-02-23T17:09:33","date_gmt":"2023-02-23T16:09:33","guid":{"rendered":"https:\/\/www.touringcaorle.it\/faq\/"},"modified":"2025-03-13T16:59:55","modified_gmt":"2025-03-13T15:59:55","slug":"faq","status":"publish","type":"page","link":"https:\/\/www.touringcaorle.it\/de\/faq\/","title":{"rendered":"Faq"},"content":{"rendered":"\n<p><strong><em><strong><em><strong>Lesen Sie sorgf\u00e4ltig unsere allgemeine-FAQ.<\/strong><\/em><\/strong><\/em><\/strong><\/p>\n\n\n\n<p><em><em>Um Ihnen zu helfen, haben wir uns \u00fcberlegt, einige Antworten zu geben auf die m\u00f6glichen Fragen die Sie sich stellen.<\/em><\/em><\/p>\n\n\n\n<p><em><em>Wir hoffen Sie dabei zu unterst\u00fctzen, ob Sie bereits gebucht haben oder es bald tun m\u00f6chten.<\/em><\/em><\/p>\n","protected":false},"excerpt":{"rendered":"<p>Lesen Sie sorgf\u00e4ltig unsere allgemeine-FAQ. Um Ihnen zu helfen, haben wir uns \u00fcberlegt, einige Antworten zu geben auf die m\u00f6glichen Fragen die Sie sich stellen. Wir hoffen Sie dabei zu unterst\u00fctzen, ob Sie bereits gebucht haben oder es bald tun m\u00f6chten.<\/p>\n","protected":false},"author":1,"featured_media":0,"parent":0,"menu_order":12,"comment_status":"closed","ping_status":"closed","template":"template-faq.php","meta":{"_acf_changed":false,"footnotes":""},"class_list":["post-1037","page","type-page","status-publish","hentry"],"acf":[],"yoast_head":"<!-- This site is optimized with the Yoast SEO plugin v26.7 - https:\/\/yoast.com\/wordpress\/plugins\/seo\/ -->\n<title>Faq | Hotel Touring<\/title>\n<meta name=\"description\" content=\"Besuchen Sie den FAQ-Bereich des Hotel Touring, um weitere Informationen zu den h\u00e4ufigsten Fragen zu erhalten, oder kontaktieren Sie uns!\" \/>\n<meta name=\"robots\" content=\"index, follow, max-snippet:-1, max-image-preview:large, max-video-preview:-1\" \/>\n<link rel=\"canonical\" href=\"https:\/\/www.touringcaorle.it\/de\/faq\/\" \/>\n<meta property=\"og:locale\" content=\"de_DE\" \/>\n<meta property=\"og:type\" content=\"article\" \/>\n<meta property=\"og:title\" content=\"Faq | Hotel Touring\" \/>\n<meta property=\"og:description\" content=\"Besuchen Sie den FAQ-Bereich des Hotel Touring, um weitere Informationen zu den h\u00e4ufigsten Fragen zu erhalten, oder kontaktieren Sie uns!\" \/>\n<meta property=\"og:url\" content=\"https:\/\/www.touringcaorle.it\/de\/faq\/\" \/>\n<meta property=\"og:site_name\" content=\"Hotel Touring\" \/>\n<meta property=\"article:publisher\" content=\"https:\/\/www.facebook.com\/HotelTouringCaorle\/\" \/>\n<meta property=\"article:modified_time\" content=\"2025-03-13T15:59:55+00:00\" \/>\n<meta name=\"twitter:card\" content=\"summary_large_image\" \/>\n<script type=\"application\/ld+json\" class=\"yoast-schema-graph\">{\"@context\":\"https:\/\/schema.org\",\"@graph\":[{\"@type\":\"WebPage\",\"@id\":\"https:\/\/www.touringcaorle.it\/de\/faq\/\",\"url\":\"https:\/\/www.touringcaorle.it\/de\/faq\/\",\"name\":\"Faq | Hotel Touring\",\"isPartOf\":{\"@id\":\"https:\/\/www.touringcaorle.it\/de\/#website\"},\"datePublished\":\"2023-02-23T16:09:33+00:00\",\"dateModified\":\"2025-03-13T15:59:55+00:00\",\"description\":\"Besuchen Sie den FAQ-Bereich des Hotel Touring, um weitere Informationen zu den h\u00e4ufigsten Fragen zu erhalten, oder kontaktieren Sie uns!\",\"breadcrumb\":{\"@id\":\"https:\/\/www.touringcaorle.it\/de\/faq\/#breadcrumb\"},\"inLanguage\":\"de\",\"potentialAction\":[{\"@type\":\"ReadAction\",\"target\":[\"https:\/\/www.touringcaorle.it\/de\/faq\/\"]}]},{\"@type\":\"BreadcrumbList\",\"@id\":\"https:\/\/www.touringcaorle.it\/de\/faq\/#breadcrumb\",\"itemListElement\":[{\"@type\":\"ListItem\",\"position\":1,\"name\":\"Home\",\"item\":\"https:\/\/www.touringcaorle.it\/de\/\"},{\"@type\":\"ListItem\",\"position\":2,\"name\":\"Faq\"}]},{\"@type\":\"WebSite\",\"@id\":\"https:\/\/www.touringcaorle.it\/de\/#website\",\"url\":\"https:\/\/www.touringcaorle.it\/de\/\",\"name\":\"Camping Marelago\",\"description\":\"Hotel fronte mare con piscina a Caorle\",\"publisher\":{\"@id\":\"https:\/\/www.touringcaorle.it\/de\/#organization\"},\"potentialAction\":[{\"@type\":\"SearchAction\",\"target\":{\"@type\":\"EntryPoint\",\"urlTemplate\":\"https:\/\/www.touringcaorle.it\/de\/?s={search_term_string}\"},\"query-input\":{\"@type\":\"PropertyValueSpecification\",\"valueRequired\":true,\"valueName\":\"search_term_string\"}}],\"inLanguage\":\"de\"},{\"@type\":\"Organization\",\"@id\":\"https:\/\/www.touringcaorle.it\/de\/#organization\",\"name\":\"Camping Marelago\",\"url\":\"https:\/\/www.touringcaorle.it\/de\/\",\"logo\":{\"@type\":\"ImageObject\",\"inLanguage\":\"de\",\"@id\":\"https:\/\/www.touringcaorle.it\/de\/#\/schema\/logo\/image\/\",\"url\":\"https:\/\/www.touringcaorle.it\/wp-content\/uploads\/2023\/03\/hotel-touring-caorle.svg\",\"contentUrl\":\"https:\/\/www.touringcaorle.it\/wp-content\/uploads\/2023\/03\/hotel-touring-caorle.svg\",\"width\":1,\"height\":1,\"caption\":\"Camping Marelago\"},\"image\":{\"@id\":\"https:\/\/www.touringcaorle.it\/de\/#\/schema\/logo\/image\/\"},\"sameAs\":[\"https:\/\/www.facebook.com\/HotelTouringCaorle\/\"]}]}<\/script>\n<!-- \/ Yoast SEO plugin. -->","yoast_head_json":{"title":"Faq | Hotel Touring","description":"Besuchen Sie den FAQ-Bereich des Hotel Touring, um weitere Informationen zu den h\u00e4ufigsten Fragen zu erhalten, oder kontaktieren Sie uns!","robots":{"index":"index","follow":"follow","max-snippet":"max-snippet:-1","max-image-preview":"max-image-preview:large","max-video-preview":"max-video-preview:-1"},"canonical":"https:\/\/www.touringcaorle.it\/de\/faq\/","og_locale":"de_DE","og_type":"article","og_title":"Faq | Hotel Touring","og_description":"Besuchen Sie den FAQ-Bereich des Hotel Touring, um weitere Informationen zu den h\u00e4ufigsten Fragen zu erhalten, oder kontaktieren Sie uns!","og_url":"https:\/\/www.touringcaorle.it\/de\/faq\/","og_site_name":"Hotel Touring","article_publisher":"https:\/\/www.facebook.com\/HotelTouringCaorle\/","article_modified_time":"2025-03-13T15:59:55+00:00","twitter_card":"summary_large_image","schema":{"@context":"https:\/\/schema.org","@graph":[{"@type":"WebPage","@id":"https:\/\/www.touringcaorle.it\/de\/faq\/","url":"https:\/\/www.touringcaorle.it\/de\/faq\/","name":"Faq | Hotel Touring","isPartOf":{"@id":"https:\/\/www.touringcaorle.it\/de\/#website"},"datePublished":"2023-02-23T16:09:33+00:00","dateModified":"2025-03-13T15:59:55+00:00","description":"Besuchen Sie den FAQ-Bereich des Hotel Touring, um weitere Informationen zu den h\u00e4ufigsten Fragen zu erhalten, oder kontaktieren Sie uns!","breadcrumb":{"@id":"https:\/\/www.touringcaorle.it\/de\/faq\/#breadcrumb"},"inLanguage":"de","potentialAction":[{"@type":"ReadAction","target":["https:\/\/www.touringcaorle.it\/de\/faq\/"]}]},{"@type":"BreadcrumbList","@id":"https:\/\/www.touringcaorle.it\/de\/faq\/#breadcrumb","itemListElement":[{"@type":"ListItem","position":1,"name":"Home","item":"https:\/\/www.touringcaorle.it\/de\/"},{"@type":"ListItem","position":2,"name":"Faq"}]},{"@type":"WebSite","@id":"https:\/\/www.touringcaorle.it\/de\/#website","url":"https:\/\/www.touringcaorle.it\/de\/","name":"Camping Marelago","description":"Hotel fronte mare con piscina a Caorle","publisher":{"@id":"https:\/\/www.touringcaorle.it\/de\/#organization"},"potentialAction":[{"@type":"SearchAction","target":{"@type":"EntryPoint","urlTemplate":"https:\/\/www.touringcaorle.it\/de\/?s={search_term_string}"},"query-input":{"@type":"PropertyValueSpecification","valueRequired":true,"valueName":"search_term_string"}}],"inLanguage":"de"},{"@type":"Organization","@id":"https:\/\/www.touringcaorle.it\/de\/#organization","name":"Camping Marelago","url":"https:\/\/www.touringcaorle.it\/de\/","logo":{"@type":"ImageObject","inLanguage":"de","@id":"https:\/\/www.touringcaorle.it\/de\/#\/schema\/logo\/image\/","url":"https:\/\/www.touringcaorle.it\/wp-content\/uploads\/2023\/03\/hotel-touring-caorle.svg","contentUrl":"https:\/\/www.touringcaorle.it\/wp-content\/uploads\/2023\/03\/hotel-touring-caorle.svg","width":1,"height":1,"caption":"Camping Marelago"},"image":{"@id":"https:\/\/www.touringcaorle.it\/de\/#\/schema\/logo\/image\/"},"sameAs":["https:\/\/www.facebook.com\/HotelTouringCaorle\/"]}]}},"_links":{"self":[{"href":"https:\/\/www.touringcaorle.it\/de\/wp-json\/wp\/v2\/pages\/1037","targetHints":{"allow":["GET"]}}],"collection":[{"href":"https:\/\/www.touringcaorle.it\/de\/wp-json\/wp\/v2\/pages"}],"about":[{"href":"https:\/\/www.touringcaorle.it\/de\/wp-json\/wp\/v2\/types\/page"}],"author":[{"embeddable":true,"href":"https:\/\/www.touringcaorle.it\/de\/wp-json\/wp\/v2\/users\/1"}],"replies":[{"embeddable":true,"href":"https:\/\/www.touringcaorle.it\/de\/wp-json\/wp\/v2\/comments?post=1037"}],"version-history":[{"count":9,"href":"https:\/\/www.touringcaorle.it\/de\/wp-json\/wp\/v2\/pages\/1037\/revisions"}],"predecessor-version":[{"id":2646,"href":"https:\/\/www.touringcaorle.it\/de\/wp-json\/wp\/v2\/pages\/1037\/revisions\/2646"}],"wp:attachment":[{"href":"https:\/\/www.touringcaorle.it\/de\/wp-json\/wp\/v2\/media?parent=1037"}],"curies":[{"name":"wp","href":"https:\/\/api.w.org\/{rel}","templated":true}]}}